{"id":373,"date":"2026-01-13T16:19:58","date_gmt":"2026-01-13T16:19:58","guid":{"rendered":"https:\/\/hotelcavallettovenice.ms3.decms.eu\/?page_id=373"},"modified":"2026-02-25T15:25:40","modified_gmt":"2026-02-25T15:25:40","slug":"services","status":"publish","type":"page","link":"https:\/\/www.hotelcavallettovenice.com\/fr\/services\/","title":{"rendered":"Services"},"content":{"rendered":"<p>L\u2019emplacement privil\u00e9gi\u00e9 alli\u00e9 \u00e0 la grande passion pour l\u2019<strong>hospitalit\u00e9<\/strong> sont quelques-unes des caract\u00e9ristiques qui vous inciteront \u00e0 choisir l&rsquo;<strong>ancien H\u00f4tel Cavalletto &amp; Doge Orseolo<\/strong>, un <strong>h\u00f4tel international 4 \u00e9toiles<\/strong> de <strong>Venise<\/strong> situ\u00e9 \u00e0 proximit\u00e9 de la <strong>Place Saint-Marc<\/strong>.<\/p>\n<p>Donnant sur le <strong>bassin Orseolo<\/strong> typique o\u00f9 stationnent les gondoles, cette demeure historique et confortable de Venise, inscrite dans le prestigieux <strong>Guide des \u00c9tablissement historiques d\u2019Italie<\/strong>, a accueilli entre les ann\u00e9es 1920 et 1930 des personnages illustres tels que Richard Strauss, <strong>Winston Churchill<\/strong>, le Duc d\u2019Aoste et l&rsquo;\u00e9crivain Hermann Hesse<\/p>\n","protected":false},"excerpt":{"rendered":"<p>L\u2019emplacement privil\u00e9gi\u00e9 alli\u00e9 \u00e0 la grande passion pour l\u2019hospitalit\u00e9 sont quelques-unes des caract\u00e9ristiques qui vous inciteront \u00e0 choisir l&rsquo;ancien H\u00f4tel Cavalletto &amp; Doge Orseolo, un h\u00f4tel international 4 \u00e9toiles de Venise situ\u00e9 \u00e0 proximit\u00e9 de la Place Saint-Marc. Donnant sur le bassin Orseolo typique o\u00f9 stationnent les gondoles, cette demeure historique et confortable de Venise, [&hellip;]<\/p>\n","protected":false},"author":6,"featured_media":0,"parent":0,"menu_order":30,"comment_status":"closed","ping_status":"closed","template":"template-services.php","meta":{"footnotes":""},"class_list":["post-373","page","type-page","status-publish","hentry"],"yoast_head":"<!-- This site is optimized with the Yoast SEO plugin v26.9 - https:\/\/yoast.com\/product\/yoast-seo-wordpress\/ -->\n<title>Services - Hotel Cavalletto &amp; Doge Orseolo Venice -<\/title>\n<meta name=\"description\" content=\"L\u2019emplacement privil\u00e9gi\u00e9 alli\u00e9 \u00e0 la grande passion pour l\u2019hospitalit\u00e9 sont quelques-unes des caract\u00e9ristiques qui vous inciteront \u00e0 choisir l&#039;ancien H\u00f4tel Cavalletto &amp; Doge Orseolo, un h\u00f4tel international 4 \u00e9toiles de Venise situ\u00e9 \u00e0 proximit\u00e9 de la Place Saint-Marc.  Donnant sur le bassin Orseolo typique o\u00f9 stationnent les gondoles, cette demeure historique et confortable de Venise, inscrite dans le prestigieux Guide des \u00c9tablissement historiques d\u2019Italie, a accueilli entre les ann\u00e9es 1920 et 1930 des personnages illustres tels que Richard Strauss, Winston Churchill, le Duc d\u2019Aoste et l&#039;\u00e9crivain Hermann Hesse.\" \/>\n<meta name=\"robots\" content=\"index, follow, max-snippet:-1, max-image-preview:large, max-video-preview:-1\" \/>\n<link rel=\"canonical\" href=\"https:\/\/www.hotelcavallettovenice.com\/fr\/services\/\" \/>\n<meta property=\"og:locale\" content=\"fr_FR\" \/>\n<meta property=\"og:type\" content=\"article\" \/>\n<meta property=\"og:title\" content=\"Services - Hotel Cavalletto &amp; Doge Orseolo Venice -\" \/>\n<meta property=\"og:description\" content=\"L\u2019emplacement privil\u00e9gi\u00e9 alli\u00e9 \u00e0 la grande passion pour l\u2019hospitalit\u00e9 sont quelques-unes des caract\u00e9ristiques qui vous inciteront \u00e0 choisir l&#039;ancien H\u00f4tel Cavalletto &amp; Doge Orseolo, un h\u00f4tel international 4 \u00e9toiles de Venise situ\u00e9 \u00e0 proximit\u00e9 de la Place Saint-Marc.  Donnant sur le bassin Orseolo typique o\u00f9 stationnent les gondoles, cette demeure historique et confortable de Venise, inscrite dans le prestigieux Guide des \u00c9tablissement historiques d\u2019Italie, a accueilli entre les ann\u00e9es 1920 et 1930 des personnages illustres tels que Richard Strauss, Winston Churchill, le Duc d\u2019Aoste et l&#039;\u00e9crivain Hermann Hesse.\" \/>\n<meta property=\"og:url\" content=\"https:\/\/www.hotelcavallettovenice.com\/fr\/services\/\" \/>\n<meta property=\"og:site_name\" content=\"Hotel Cavalletto &amp; Doge Orseolo Venice\" \/>\n<meta property=\"article:modified_time\" content=\"2026-02-25T15:25:40+00:00\" \/>\n<meta name=\"twitter:card\" content=\"summary_large_image\" \/>\n<meta name=\"twitter:label1\" content=\"Est. reading time\" \/>\n\t<meta name=\"twitter:data1\" content=\"1 minute\" \/>\n<script type=\"application\/ld+json\" class=\"yoast-schema-graph\">{\"@context\":\"https:\/\/schema.org\",\"@graph\":[{\"@type\":\"WebPage\",\"@id\":\"https:\/\/www.hotelcavallettovenice.com\/fr\/services\/\",\"url\":\"https:\/\/www.hotelcavallettovenice.com\/fr\/services\/\",\"name\":\"Services - Hotel Cavalletto &amp; Doge Orseolo Venice -\",\"isPartOf\":{\"@id\":\"https:\/\/www.hotelcavallettovenice.com\/fr\/#website\"},\"datePublished\":\"2026-01-13T16:19:58+00:00\",\"dateModified\":\"2026-02-25T15:25:40+00:00\",\"description\":\"L\u2019emplacement privil\u00e9gi\u00e9 alli\u00e9 \u00e0 la grande passion pour l\u2019hospitalit\u00e9 sont quelques-unes des caract\u00e9ristiques qui vous inciteront \u00e0 choisir l'ancien H\u00f4tel Cavalletto &amp; Doge Orseolo, un h\u00f4tel international 4 \u00e9toiles de Venise situ\u00e9 \u00e0 proximit\u00e9 de la Place Saint-Marc. Donnant sur le bassin Orseolo typique o\u00f9 stationnent les gondoles, cette demeure historique et confortable de Venise, inscrite dans le prestigieux Guide des \u00c9tablissement historiques d\u2019Italie, a accueilli entre les ann\u00e9es 1920 et 1930 des personnages illustres tels que Richard Strauss, Winston Churchill, le Duc d\u2019Aoste et l'\u00e9crivain Hermann Hesse.\",\"breadcrumb\":{\"@id\":\"https:\/\/www.hotelcavallettovenice.com\/fr\/services\/#breadcrumb\"},\"inLanguage\":\"fr-FR\",\"potentialAction\":[{\"@type\":\"ReadAction\",\"target\":[\"https:\/\/www.hotelcavallettovenice.com\/fr\/services\/\"]}]},{\"@type\":\"BreadcrumbList\",\"@id\":\"https:\/\/www.hotelcavallettovenice.com\/fr\/services\/#breadcrumb\",\"itemListElement\":[{\"@type\":\"ListItem\",\"position\":1,\"name\":\"Home\",\"item\":\"https:\/\/www.hotelcavallettovenice.com\/fr\/\"},{\"@type\":\"ListItem\",\"position\":2,\"name\":\"Services\"}]},{\"@type\":\"WebSite\",\"@id\":\"https:\/\/www.hotelcavallettovenice.com\/fr\/#website\",\"url\":\"https:\/\/www.hotelcavallettovenice.com\/fr\/\",\"name\":\"Hotel Cavalletto &amp; Doge Orseolo Venice\",\"description\":\"\",\"potentialAction\":[{\"@type\":\"SearchAction\",\"target\":{\"@type\":\"EntryPoint\",\"urlTemplate\":\"https:\/\/www.hotelcavallettovenice.com\/fr\/?s={search_term_string}\"},\"query-input\":{\"@type\":\"PropertyValueSpecification\",\"valueRequired\":true,\"valueName\":\"search_term_string\"}}],\"inLanguage\":\"fr-FR\"}]}<\/script>\n<!-- \/ Yoast SEO plugin. -->","yoast_head_json":{"title":"Services - Hotel Cavalletto &amp; Doge Orseolo Venice -","description":"L\u2019emplacement privil\u00e9gi\u00e9 alli\u00e9 \u00e0 la grande passion pour l\u2019hospitalit\u00e9 sont quelques-unes des caract\u00e9ristiques qui vous inciteront \u00e0 choisir l'ancien H\u00f4tel Cavalletto &amp; Doge Orseolo, un h\u00f4tel international 4 \u00e9toiles de Venise situ\u00e9 \u00e0 proximit\u00e9 de la Place Saint-Marc.  Donnant sur le bassin Orseolo typique o\u00f9 stationnent les gondoles, cette demeure historique et confortable de Venise, inscrite dans le prestigieux Guide des \u00c9tablissement historiques d\u2019Italie, a accueilli entre les ann\u00e9es 1920 et 1930 des personnages illustres tels que Richard Strauss, Winston Churchill, le Duc d\u2019Aoste et l'\u00e9crivain Hermann Hesse.","robots":{"index":"index","follow":"follow","max-snippet":"max-snippet:-1","max-image-preview":"max-image-preview:large","max-video-preview":"max-video-preview:-1"},"canonical":"https:\/\/www.hotelcavallettovenice.com\/fr\/services\/","og_locale":"fr_FR","og_type":"article","og_title":"Services - Hotel Cavalletto &amp; Doge Orseolo Venice -","og_description":"L\u2019emplacement privil\u00e9gi\u00e9 alli\u00e9 \u00e0 la grande passion pour l\u2019hospitalit\u00e9 sont quelques-unes des caract\u00e9ristiques qui vous inciteront \u00e0 choisir l'ancien H\u00f4tel Cavalletto &amp; Doge Orseolo, un h\u00f4tel international 4 \u00e9toiles de Venise situ\u00e9 \u00e0 proximit\u00e9 de la Place Saint-Marc.  Donnant sur le bassin Orseolo typique o\u00f9 stationnent les gondoles, cette demeure historique et confortable de Venise, inscrite dans le prestigieux Guide des \u00c9tablissement historiques d\u2019Italie, a accueilli entre les ann\u00e9es 1920 et 1930 des personnages illustres tels que Richard Strauss, Winston Churchill, le Duc d\u2019Aoste et l'\u00e9crivain Hermann Hesse.","og_url":"https:\/\/www.hotelcavallettovenice.com\/fr\/services\/","og_site_name":"Hotel Cavalletto &amp; Doge Orseolo Venice","article_modified_time":"2026-02-25T15:25:40+00:00","twitter_card":"summary_large_image","twitter_misc":{"Est. reading time":"1 minute"},"schema":{"@context":"https:\/\/schema.org","@graph":[{"@type":"WebPage","@id":"https:\/\/www.hotelcavallettovenice.com\/fr\/services\/","url":"https:\/\/www.hotelcavallettovenice.com\/fr\/services\/","name":"Services - Hotel Cavalletto &amp; Doge Orseolo Venice -","isPartOf":{"@id":"https:\/\/www.hotelcavallettovenice.com\/fr\/#website"},"datePublished":"2026-01-13T16:19:58+00:00","dateModified":"2026-02-25T15:25:40+00:00","description":"L\u2019emplacement privil\u00e9gi\u00e9 alli\u00e9 \u00e0 la grande passion pour l\u2019hospitalit\u00e9 sont quelques-unes des caract\u00e9ristiques qui vous inciteront \u00e0 choisir l'ancien H\u00f4tel Cavalletto &amp; Doge Orseolo, un h\u00f4tel international 4 \u00e9toiles de Venise situ\u00e9 \u00e0 proximit\u00e9 de la Place Saint-Marc. Donnant sur le bassin Orseolo typique o\u00f9 stationnent les gondoles, cette demeure historique et confortable de Venise, inscrite dans le prestigieux Guide des \u00c9tablissement historiques d\u2019Italie, a accueilli entre les ann\u00e9es 1920 et 1930 des personnages illustres tels que Richard Strauss, Winston Churchill, le Duc d\u2019Aoste et l'\u00e9crivain Hermann Hesse.","breadcrumb":{"@id":"https:\/\/www.hotelcavallettovenice.com\/fr\/services\/#breadcrumb"},"inLanguage":"fr-FR","potentialAction":[{"@type":"ReadAction","target":["https:\/\/www.hotelcavallettovenice.com\/fr\/services\/"]}]},{"@type":"BreadcrumbList","@id":"https:\/\/www.hotelcavallettovenice.com\/fr\/services\/#breadcrumb","itemListElement":[{"@type":"ListItem","position":1,"name":"Home","item":"https:\/\/www.hotelcavallettovenice.com\/fr\/"},{"@type":"ListItem","position":2,"name":"Services"}]},{"@type":"WebSite","@id":"https:\/\/www.hotelcavallettovenice.com\/fr\/#website","url":"https:\/\/www.hotelcavallettovenice.com\/fr\/","name":"Hotel Cavalletto &amp; Doge Orseolo Venice","description":"","potentialAction":[{"@type":"SearchAction","target":{"@type":"EntryPoint","urlTemplate":"https:\/\/www.hotelcavallettovenice.com\/fr\/?s={search_term_string}"},"query-input":{"@type":"PropertyValueSpecification","valueRequired":true,"valueName":"search_term_string"}}],"inLanguage":"fr-FR"}]}},"acf":[],"_links":{"self":[{"href":"https:\/\/www.hotelcavallettovenice.com\/fr\/wp-json\/wp\/v2\/pages\/373","targetHints":{"allow":["GET"]}}],"collection":[{"href":"https:\/\/www.hotelcavallettovenice.com\/fr\/wp-json\/wp\/v2\/pages"}],"about":[{"href":"https:\/\/www.hotelcavallettovenice.com\/fr\/wp-json\/wp\/v2\/types\/page"}],"author":[{"embeddable":true,"href":"https:\/\/www.hotelcavallettovenice.com\/fr\/wp-json\/wp\/v2\/users\/6"}],"replies":[{"embeddable":true,"href":"https:\/\/www.hotelcavallettovenice.com\/fr\/wp-json\/wp\/v2\/comments?post=373"}],"version-history":[{"count":0,"href":"https:\/\/www.hotelcavallettovenice.com\/fr\/wp-json\/wp\/v2\/pages\/373\/revisions"}],"wp:attachment":[{"href":"https:\/\/www.hotelcavallettovenice.com\/fr\/wp-json\/wp\/v2\/media?parent=373"}],"curies":[{"name":"wp","href":"https:\/\/api.w.org\/{rel}","templated":true}]}}