{"id":348,"date":"2026-01-29T09:55:11","date_gmt":"2026-01-29T09:55:11","guid":{"rendered":"https:\/\/hotelcavallettovenice.ms3.decms.eu\/?page_id=348"},"modified":"2026-02-20T21:14:30","modified_gmt":"2026-02-20T21:14:30","slug":"annex","status":"publish","type":"page","link":"https:\/\/www.hotelcavallettovenice.com\/fr\/chambres\/annex\/","title":{"rendered":"Annex"},"content":{"rendered":"<p>Situ\u00e9es dans un b\u00e2timent historique adjacent \u00e0 la structure principale, les chambres Annex offrent une intimit\u00e9 maximale sans renoncer aux conforts du b\u00e2timent central. Les h\u00f4tes peuvent acc\u00e9der \u00e0 l\u2019ensemble des services de l\u2019immeuble principal, o\u00f9 se trouvent la r\u00e9ception ouverte 24h\/24, le bar et la salle de petit-d\u00e9jeuner. Pour un confort absolu, un service en chambre est \u00e9galement disponible sur demande (avec suppl\u00e9ment) pour le petit-d\u00e9jeuner et les consommations du bar.<\/p>\n","protected":false},"excerpt":{"rendered":"<p>Situ\u00e9es dans un b\u00e2timent historique adjacent \u00e0 la structure principale, les chambres Annex offrent une intimit\u00e9 maximale sans renoncer aux conforts du b\u00e2timent central. Les h\u00f4tes peuvent acc\u00e9der \u00e0 l\u2019ensemble des services de l\u2019immeuble principal, o\u00f9 se trouvent la r\u00e9ception ouverte 24h\/24, le bar et la salle de petit-d\u00e9jeuner. Pour un confort absolu, un service [&hellip;]<\/p>\n","protected":false},"author":6,"featured_media":0,"parent":298,"menu_order":70,"comment_status":"closed","ping_status":"closed","template":"template-annex.php","meta":{"footnotes":""},"class_list":["post-348","page","type-page","status-publish","hentry"],"yoast_head":"<!-- This site is optimized with the Yoast SEO plugin v26.9 - https:\/\/yoast.com\/product\/yoast-seo-wordpress\/ -->\n<title>Annex - Hotel Cavalletto &amp; Doge Orseolo Venice -<\/title>\n<meta name=\"description\" content=\"Situ\u00e9es dans un b\u00e2timent historique adjacent \u00e0 la structure principale, les chambres Annex offrent une intimit\u00e9 maximale sans renoncer aux conforts du b\u00e2timent central. Les h\u00f4tes peuvent acc\u00e9der \u00e0 l\u2019ensemble des services de l\u2019immeuble principal, o\u00f9 se trouvent la r\u00e9ception ouverte 24h\/24, le bar et la salle de petit-d\u00e9jeuner\" \/>\n<meta name=\"robots\" content=\"index, follow, max-snippet:-1, max-image-preview:large, max-video-preview:-1\" \/>\n<link rel=\"canonical\" href=\"https:\/\/www.hotelcavallettovenice.com\/fr\/chambres\/annex\/\" \/>\n<meta property=\"og:locale\" content=\"fr_FR\" \/>\n<meta property=\"og:type\" content=\"article\" \/>\n<meta property=\"og:title\" content=\"Annex - Hotel Cavalletto &amp; Doge Orseolo Venice -\" \/>\n<meta property=\"og:description\" content=\"Situ\u00e9es dans un b\u00e2timent historique adjacent \u00e0 la structure principale, les chambres Annex offrent une intimit\u00e9 maximale sans renoncer aux conforts du b\u00e2timent central. Les h\u00f4tes peuvent acc\u00e9der \u00e0 l\u2019ensemble des services de l\u2019immeuble principal, o\u00f9 se trouvent la r\u00e9ception ouverte 24h\/24, le bar et la salle de petit-d\u00e9jeuner\" \/>\n<meta property=\"og:url\" content=\"https:\/\/www.hotelcavallettovenice.com\/fr\/chambres\/annex\/\" \/>\n<meta property=\"og:site_name\" content=\"Hotel Cavalletto &amp; Doge Orseolo Venice\" \/>\n<meta property=\"article:modified_time\" content=\"2026-02-20T21:14:30+00:00\" \/>\n<meta name=\"twitter:card\" content=\"summary_large_image\" \/>\n<meta name=\"twitter:label1\" content=\"Est. reading time\" \/>\n\t<meta name=\"twitter:data1\" content=\"1 minute\" \/>\n<script type=\"application\/ld+json\" class=\"yoast-schema-graph\">{\"@context\":\"https:\/\/schema.org\",\"@graph\":[{\"@type\":\"WebPage\",\"@id\":\"https:\/\/www.hotelcavallettovenice.com\/fr\/chambres\/annex\/\",\"url\":\"https:\/\/www.hotelcavallettovenice.com\/fr\/chambres\/annex\/\",\"name\":\"Annex - Hotel Cavalletto &amp; Doge Orseolo Venice -\",\"isPartOf\":{\"@id\":\"https:\/\/www.hotelcavallettovenice.com\/fr\/#website\"},\"datePublished\":\"2026-01-29T09:55:11+00:00\",\"dateModified\":\"2026-02-20T21:14:30+00:00\",\"description\":\"Situ\u00e9es dans un b\u00e2timent historique adjacent \u00e0 la structure principale, les chambres Annex offrent une intimit\u00e9 maximale sans renoncer aux conforts du b\u00e2timent central. Les h\u00f4tes peuvent acc\u00e9der \u00e0 l\u2019ensemble des services de l\u2019immeuble principal, o\u00f9 se trouvent la r\u00e9ception ouverte 24h\/24, le bar et la salle de petit-d\u00e9jeuner\",\"breadcrumb\":{\"@id\":\"https:\/\/www.hotelcavallettovenice.com\/fr\/chambres\/annex\/#breadcrumb\"},\"inLanguage\":\"fr-FR\",\"potentialAction\":[{\"@type\":\"ReadAction\",\"target\":[\"https:\/\/www.hotelcavallettovenice.com\/fr\/chambres\/annex\/\"]}]},{\"@type\":\"BreadcrumbList\",\"@id\":\"https:\/\/www.hotelcavallettovenice.com\/fr\/chambres\/annex\/#breadcrumb\",\"itemListElement\":[{\"@type\":\"ListItem\",\"position\":1,\"name\":\"Home\",\"item\":\"https:\/\/www.hotelcavallettovenice.com\/fr\/\"},{\"@type\":\"ListItem\",\"position\":2,\"name\":\"Chambres\",\"item\":\"https:\/\/www.hotelcavallettovenice.com\/fr\/rooms\/\"},{\"@type\":\"ListItem\",\"position\":3,\"name\":\"Annex\"}]},{\"@type\":\"WebSite\",\"@id\":\"https:\/\/www.hotelcavallettovenice.com\/fr\/#website\",\"url\":\"https:\/\/www.hotelcavallettovenice.com\/fr\/\",\"name\":\"Hotel Cavalletto &amp; Doge Orseolo Venice\",\"description\":\"\",\"potentialAction\":[{\"@type\":\"SearchAction\",\"target\":{\"@type\":\"EntryPoint\",\"urlTemplate\":\"https:\/\/www.hotelcavallettovenice.com\/fr\/?s={search_term_string}\"},\"query-input\":{\"@type\":\"PropertyValueSpecification\",\"valueRequired\":true,\"valueName\":\"search_term_string\"}}],\"inLanguage\":\"fr-FR\"}]}<\/script>\n<!-- \/ Yoast SEO plugin. -->","yoast_head_json":{"title":"Annex - Hotel Cavalletto &amp; Doge Orseolo Venice -","description":"Situ\u00e9es dans un b\u00e2timent historique adjacent \u00e0 la structure principale, les chambres Annex offrent une intimit\u00e9 maximale sans renoncer aux conforts du b\u00e2timent central. Les h\u00f4tes peuvent acc\u00e9der \u00e0 l\u2019ensemble des services de l\u2019immeuble principal, o\u00f9 se trouvent la r\u00e9ception ouverte 24h\/24, le bar et la salle de petit-d\u00e9jeuner","robots":{"index":"index","follow":"follow","max-snippet":"max-snippet:-1","max-image-preview":"max-image-preview:large","max-video-preview":"max-video-preview:-1"},"canonical":"https:\/\/www.hotelcavallettovenice.com\/fr\/chambres\/annex\/","og_locale":"fr_FR","og_type":"article","og_title":"Annex - Hotel Cavalletto &amp; Doge Orseolo Venice -","og_description":"Situ\u00e9es dans un b\u00e2timent historique adjacent \u00e0 la structure principale, les chambres Annex offrent une intimit\u00e9 maximale sans renoncer aux conforts du b\u00e2timent central. Les h\u00f4tes peuvent acc\u00e9der \u00e0 l\u2019ensemble des services de l\u2019immeuble principal, o\u00f9 se trouvent la r\u00e9ception ouverte 24h\/24, le bar et la salle de petit-d\u00e9jeuner","og_url":"https:\/\/www.hotelcavallettovenice.com\/fr\/chambres\/annex\/","og_site_name":"Hotel Cavalletto &amp; Doge Orseolo Venice","article_modified_time":"2026-02-20T21:14:30+00:00","twitter_card":"summary_large_image","twitter_misc":{"Est. reading time":"1 minute"},"schema":{"@context":"https:\/\/schema.org","@graph":[{"@type":"WebPage","@id":"https:\/\/www.hotelcavallettovenice.com\/fr\/chambres\/annex\/","url":"https:\/\/www.hotelcavallettovenice.com\/fr\/chambres\/annex\/","name":"Annex - Hotel Cavalletto &amp; Doge Orseolo Venice -","isPartOf":{"@id":"https:\/\/www.hotelcavallettovenice.com\/fr\/#website"},"datePublished":"2026-01-29T09:55:11+00:00","dateModified":"2026-02-20T21:14:30+00:00","description":"Situ\u00e9es dans un b\u00e2timent historique adjacent \u00e0 la structure principale, les chambres Annex offrent une intimit\u00e9 maximale sans renoncer aux conforts du b\u00e2timent central. Les h\u00f4tes peuvent acc\u00e9der \u00e0 l\u2019ensemble des services de l\u2019immeuble principal, o\u00f9 se trouvent la r\u00e9ception ouverte 24h\/24, le bar et la salle de petit-d\u00e9jeuner","breadcrumb":{"@id":"https:\/\/www.hotelcavallettovenice.com\/fr\/chambres\/annex\/#breadcrumb"},"inLanguage":"fr-FR","potentialAction":[{"@type":"ReadAction","target":["https:\/\/www.hotelcavallettovenice.com\/fr\/chambres\/annex\/"]}]},{"@type":"BreadcrumbList","@id":"https:\/\/www.hotelcavallettovenice.com\/fr\/chambres\/annex\/#breadcrumb","itemListElement":[{"@type":"ListItem","position":1,"name":"Home","item":"https:\/\/www.hotelcavallettovenice.com\/fr\/"},{"@type":"ListItem","position":2,"name":"Chambres","item":"https:\/\/www.hotelcavallettovenice.com\/fr\/rooms\/"},{"@type":"ListItem","position":3,"name":"Annex"}]},{"@type":"WebSite","@id":"https:\/\/www.hotelcavallettovenice.com\/fr\/#website","url":"https:\/\/www.hotelcavallettovenice.com\/fr\/","name":"Hotel Cavalletto &amp; Doge Orseolo Venice","description":"","potentialAction":[{"@type":"SearchAction","target":{"@type":"EntryPoint","urlTemplate":"https:\/\/www.hotelcavallettovenice.com\/fr\/?s={search_term_string}"},"query-input":{"@type":"PropertyValueSpecification","valueRequired":true,"valueName":"search_term_string"}}],"inLanguage":"fr-FR"}]}},"acf":[],"_links":{"self":[{"href":"https:\/\/www.hotelcavallettovenice.com\/fr\/wp-json\/wp\/v2\/pages\/348","targetHints":{"allow":["GET"]}}],"collection":[{"href":"https:\/\/www.hotelcavallettovenice.com\/fr\/wp-json\/wp\/v2\/pages"}],"about":[{"href":"https:\/\/www.hotelcavallettovenice.com\/fr\/wp-json\/wp\/v2\/types\/page"}],"author":[{"embeddable":true,"href":"https:\/\/www.hotelcavallettovenice.com\/fr\/wp-json\/wp\/v2\/users\/6"}],"replies":[{"embeddable":true,"href":"https:\/\/www.hotelcavallettovenice.com\/fr\/wp-json\/wp\/v2\/comments?post=348"}],"version-history":[{"count":0,"href":"https:\/\/www.hotelcavallettovenice.com\/fr\/wp-json\/wp\/v2\/pages\/348\/revisions"}],"up":[{"embeddable":true,"href":"https:\/\/www.hotelcavallettovenice.com\/fr\/wp-json\/wp\/v2\/pages\/298"}],"wp:attachment":[{"href":"https:\/\/www.hotelcavallettovenice.com\/fr\/wp-json\/wp\/v2\/media?parent=348"}],"curies":[{"name":"wp","href":"https:\/\/api.w.org\/{rel}","templated":true}]}}