{"id":344,"date":"2026-01-28T17:03:30","date_gmt":"2026-01-28T17:03:30","guid":{"rendered":"https:\/\/hotelcavallettovenice.ms3.decms.eu\/?page_id=344"},"modified":"2026-02-09T12:10:13","modified_gmt":"2026-02-09T12:10:13","slug":"petit-lit-francais","status":"publish","type":"page","link":"https:\/\/www.hotelcavallettovenice.com\/fr\/chambres\/petit-lit-francais\/","title":{"rendered":"Petit lit fran\u00e7ais"},"content":{"rendered":"<p>Une solution compacte et fonctionnelle, parfaite pour les courts s\u00e9jours. Dot\u00e9e d\u2019un accueillant lit \u00e0 la fran\u00e7aise, elle constitue le choix id\u00e9al pour ceux qui recherchent un pied-\u00e0-terre \u00e9l\u00e9gant sans renoncer au style v\u00e9nitien qui caract\u00e9rise l\u2019ensemble de l\u2019\u00e9tablissement.<\/p>\n","protected":false},"excerpt":{"rendered":"<p>Une solution compacte et fonctionnelle, parfaite pour les courts s\u00e9jours. Dot\u00e9e d\u2019un accueillant lit \u00e0 la fran\u00e7aise, elle constitue le choix id\u00e9al pour ceux qui recherchent un pied-\u00e0-terre \u00e9l\u00e9gant sans renoncer au style v\u00e9nitien qui caract\u00e9rise l\u2019ensemble de l\u2019\u00e9tablissement.<\/p>\n","protected":false},"author":6,"featured_media":0,"parent":298,"menu_order":60,"comment_status":"closed","ping_status":"closed","template":"template-single-room.php","meta":{"footnotes":""},"class_list":["post-344","page","type-page","status-publish","hentry"],"yoast_head":"<!-- This site is optimized with the Yoast SEO plugin v26.9 - https:\/\/yoast.com\/product\/yoast-seo-wordpress\/ -->\n<title>Petit lit fran\u00e7ais - Hotel Cavalletto &amp; Doge Orseolo Venice -<\/title>\n<meta name=\"description\" content=\"Une solution compacte et fonctionnelle, parfaite pour les courts s\u00e9jours. Dot\u00e9e d\u2019un accueillant lit \u00e0 la fran\u00e7aise, elle constitue le choix id\u00e9al pour ceux qui recherchent un pied-\u00e0-terre \u00e9l\u00e9gant sans renoncer au style v\u00e9nitien qui caract\u00e9rise l\u2019ensemble de l\u2019\u00e9tablissement.\" \/>\n<meta name=\"robots\" content=\"index, follow, max-snippet:-1, max-image-preview:large, max-video-preview:-1\" \/>\n<link rel=\"canonical\" href=\"https:\/\/www.hotelcavallettovenice.com\/fr\/chambres\/petit-lit-francais\/\" \/>\n<meta property=\"og:locale\" content=\"fr_FR\" \/>\n<meta property=\"og:type\" content=\"article\" \/>\n<meta property=\"og:title\" content=\"Petit lit fran\u00e7ais - Hotel Cavalletto &amp; Doge Orseolo Venice -\" \/>\n<meta property=\"og:description\" content=\"Une solution compacte et fonctionnelle, parfaite pour les courts s\u00e9jours. Dot\u00e9e d\u2019un accueillant lit \u00e0 la fran\u00e7aise, elle constitue le choix id\u00e9al pour ceux qui recherchent un pied-\u00e0-terre \u00e9l\u00e9gant sans renoncer au style v\u00e9nitien qui caract\u00e9rise l\u2019ensemble de l\u2019\u00e9tablissement.\" \/>\n<meta property=\"og:url\" content=\"https:\/\/www.hotelcavallettovenice.com\/fr\/chambres\/petit-lit-francais\/\" \/>\n<meta property=\"og:site_name\" content=\"Hotel Cavalletto &amp; Doge Orseolo Venice\" \/>\n<meta property=\"article:modified_time\" content=\"2026-02-09T12:10:13+00:00\" \/>\n<meta name=\"twitter:card\" content=\"summary_large_image\" \/>\n<meta name=\"twitter:label1\" content=\"Est. reading time\" \/>\n\t<meta name=\"twitter:data1\" content=\"1 minute\" \/>\n<script type=\"application\/ld+json\" class=\"yoast-schema-graph\">{\"@context\":\"https:\/\/schema.org\",\"@graph\":[{\"@type\":\"WebPage\",\"@id\":\"https:\/\/www.hotelcavallettovenice.com\/fr\/chambres\/petit-lit-francais\/\",\"url\":\"https:\/\/www.hotelcavallettovenice.com\/fr\/chambres\/petit-lit-francais\/\",\"name\":\"Petit lit fran\u00e7ais - Hotel Cavalletto &amp; Doge Orseolo Venice -\",\"isPartOf\":{\"@id\":\"https:\/\/www.hotelcavallettovenice.com\/fr\/#website\"},\"datePublished\":\"2026-01-28T17:03:30+00:00\",\"dateModified\":\"2026-02-09T12:10:13+00:00\",\"description\":\"Une solution compacte et fonctionnelle, parfaite pour les courts s\u00e9jours. Dot\u00e9e d\u2019un accueillant lit \u00e0 la fran\u00e7aise, elle constitue le choix id\u00e9al pour ceux qui recherchent un pied-\u00e0-terre \u00e9l\u00e9gant sans renoncer au style v\u00e9nitien qui caract\u00e9rise l\u2019ensemble de l\u2019\u00e9tablissement.\",\"breadcrumb\":{\"@id\":\"https:\/\/www.hotelcavallettovenice.com\/fr\/chambres\/petit-lit-francais\/#breadcrumb\"},\"inLanguage\":\"fr-FR\",\"potentialAction\":[{\"@type\":\"ReadAction\",\"target\":[\"https:\/\/www.hotelcavallettovenice.com\/fr\/chambres\/petit-lit-francais\/\"]}]},{\"@type\":\"BreadcrumbList\",\"@id\":\"https:\/\/www.hotelcavallettovenice.com\/fr\/chambres\/petit-lit-francais\/#breadcrumb\",\"itemListElement\":[{\"@type\":\"ListItem\",\"position\":1,\"name\":\"Home\",\"item\":\"https:\/\/www.hotelcavallettovenice.com\/fr\/\"},{\"@type\":\"ListItem\",\"position\":2,\"name\":\"Chambres\",\"item\":\"https:\/\/www.hotelcavallettovenice.com\/fr\/rooms\/\"},{\"@type\":\"ListItem\",\"position\":3,\"name\":\"Petit lit fran\u00e7ais\"}]},{\"@type\":\"WebSite\",\"@id\":\"https:\/\/www.hotelcavallettovenice.com\/fr\/#website\",\"url\":\"https:\/\/www.hotelcavallettovenice.com\/fr\/\",\"name\":\"Hotel Cavalletto &amp; Doge Orseolo Venice\",\"description\":\"\",\"potentialAction\":[{\"@type\":\"SearchAction\",\"target\":{\"@type\":\"EntryPoint\",\"urlTemplate\":\"https:\/\/www.hotelcavallettovenice.com\/fr\/?s={search_term_string}\"},\"query-input\":{\"@type\":\"PropertyValueSpecification\",\"valueRequired\":true,\"valueName\":\"search_term_string\"}}],\"inLanguage\":\"fr-FR\"}]}<\/script>\n<!-- \/ Yoast SEO plugin. -->","yoast_head_json":{"title":"Petit lit fran\u00e7ais - Hotel Cavalletto &amp; Doge Orseolo Venice -","description":"Une solution compacte et fonctionnelle, parfaite pour les courts s\u00e9jours. Dot\u00e9e d\u2019un accueillant lit \u00e0 la fran\u00e7aise, elle constitue le choix id\u00e9al pour ceux qui recherchent un pied-\u00e0-terre \u00e9l\u00e9gant sans renoncer au style v\u00e9nitien qui caract\u00e9rise l\u2019ensemble de l\u2019\u00e9tablissement.","robots":{"index":"index","follow":"follow","max-snippet":"max-snippet:-1","max-image-preview":"max-image-preview:large","max-video-preview":"max-video-preview:-1"},"canonical":"https:\/\/www.hotelcavallettovenice.com\/fr\/chambres\/petit-lit-francais\/","og_locale":"fr_FR","og_type":"article","og_title":"Petit lit fran\u00e7ais - Hotel Cavalletto &amp; Doge Orseolo Venice -","og_description":"Une solution compacte et fonctionnelle, parfaite pour les courts s\u00e9jours. Dot\u00e9e d\u2019un accueillant lit \u00e0 la fran\u00e7aise, elle constitue le choix id\u00e9al pour ceux qui recherchent un pied-\u00e0-terre \u00e9l\u00e9gant sans renoncer au style v\u00e9nitien qui caract\u00e9rise l\u2019ensemble de l\u2019\u00e9tablissement.","og_url":"https:\/\/www.hotelcavallettovenice.com\/fr\/chambres\/petit-lit-francais\/","og_site_name":"Hotel Cavalletto &amp; Doge Orseolo Venice","article_modified_time":"2026-02-09T12:10:13+00:00","twitter_card":"summary_large_image","twitter_misc":{"Est. reading time":"1 minute"},"schema":{"@context":"https:\/\/schema.org","@graph":[{"@type":"WebPage","@id":"https:\/\/www.hotelcavallettovenice.com\/fr\/chambres\/petit-lit-francais\/","url":"https:\/\/www.hotelcavallettovenice.com\/fr\/chambres\/petit-lit-francais\/","name":"Petit lit fran\u00e7ais - Hotel Cavalletto &amp; Doge Orseolo Venice -","isPartOf":{"@id":"https:\/\/www.hotelcavallettovenice.com\/fr\/#website"},"datePublished":"2026-01-28T17:03:30+00:00","dateModified":"2026-02-09T12:10:13+00:00","description":"Une solution compacte et fonctionnelle, parfaite pour les courts s\u00e9jours. Dot\u00e9e d\u2019un accueillant lit \u00e0 la fran\u00e7aise, elle constitue le choix id\u00e9al pour ceux qui recherchent un pied-\u00e0-terre \u00e9l\u00e9gant sans renoncer au style v\u00e9nitien qui caract\u00e9rise l\u2019ensemble de l\u2019\u00e9tablissement.","breadcrumb":{"@id":"https:\/\/www.hotelcavallettovenice.com\/fr\/chambres\/petit-lit-francais\/#breadcrumb"},"inLanguage":"fr-FR","potentialAction":[{"@type":"ReadAction","target":["https:\/\/www.hotelcavallettovenice.com\/fr\/chambres\/petit-lit-francais\/"]}]},{"@type":"BreadcrumbList","@id":"https:\/\/www.hotelcavallettovenice.com\/fr\/chambres\/petit-lit-francais\/#breadcrumb","itemListElement":[{"@type":"ListItem","position":1,"name":"Home","item":"https:\/\/www.hotelcavallettovenice.com\/fr\/"},{"@type":"ListItem","position":2,"name":"Chambres","item":"https:\/\/www.hotelcavallettovenice.com\/fr\/rooms\/"},{"@type":"ListItem","position":3,"name":"Petit lit fran\u00e7ais"}]},{"@type":"WebSite","@id":"https:\/\/www.hotelcavallettovenice.com\/fr\/#website","url":"https:\/\/www.hotelcavallettovenice.com\/fr\/","name":"Hotel Cavalletto &amp; Doge Orseolo Venice","description":"","potentialAction":[{"@type":"SearchAction","target":{"@type":"EntryPoint","urlTemplate":"https:\/\/www.hotelcavallettovenice.com\/fr\/?s={search_term_string}"},"query-input":{"@type":"PropertyValueSpecification","valueRequired":true,"valueName":"search_term_string"}}],"inLanguage":"fr-FR"}]}},"acf":[],"_links":{"self":[{"href":"https:\/\/www.hotelcavallettovenice.com\/fr\/wp-json\/wp\/v2\/pages\/344","targetHints":{"allow":["GET"]}}],"collection":[{"href":"https:\/\/www.hotelcavallettovenice.com\/fr\/wp-json\/wp\/v2\/pages"}],"about":[{"href":"https:\/\/www.hotelcavallettovenice.com\/fr\/wp-json\/wp\/v2\/types\/page"}],"author":[{"embeddable":true,"href":"https:\/\/www.hotelcavallettovenice.com\/fr\/wp-json\/wp\/v2\/users\/6"}],"replies":[{"embeddable":true,"href":"https:\/\/www.hotelcavallettovenice.com\/fr\/wp-json\/wp\/v2\/comments?post=344"}],"version-history":[{"count":0,"href":"https:\/\/www.hotelcavallettovenice.com\/fr\/wp-json\/wp\/v2\/pages\/344\/revisions"}],"up":[{"embeddable":true,"href":"https:\/\/www.hotelcavallettovenice.com\/fr\/wp-json\/wp\/v2\/pages\/298"}],"wp:attachment":[{"href":"https:\/\/www.hotelcavallettovenice.com\/fr\/wp-json\/wp\/v2\/media?parent=344"}],"curies":[{"name":"wp","href":"https:\/\/api.w.org\/{rel}","templated":true}]}}