{"id":298,"date":"2026-01-13T16:19:03","date_gmt":"2026-01-13T16:19:03","guid":{"rendered":"https:\/\/hotelcavallettovenice.ms3.decms.eu\/?page_id=298"},"modified":"2026-02-09T09:37:48","modified_gmt":"2026-02-09T09:37:48","slug":"chambres","status":"publish","type":"page","link":"https:\/\/www.hotelcavallettovenice.com\/fr\/chambres\/","title":{"rendered":"Chambres"},"content":{"rendered":"<p>\u00c0 <strong>Venise<\/strong>, l&rsquo;<strong>H\u00f4tel Cavalletto &amp; Doge Orseolo 4 \u00e9toiles<\/strong> offre 107 <strong>chambres<\/strong> confortables, certaines <strong>avec vue<\/strong> sur le <strong>bassin Orseolo<\/strong>, l&rsquo;\u00e9tendue d&rsquo;eau pittoresque o\u00f9 stationnent les <em>gondoles<\/em>, juste derri\u00e8re la <strong>Place Saint-Marc<\/strong>.<\/p>\n<p>Les <strong>chambres<\/strong> de l&rsquo;H\u00f4tel Cavalletto de Venise sont <strong>\u00e9l\u00e9gantes<\/strong> et superbement meubl\u00e9es, dot\u00e9es de l&rsquo;<strong>air conditionn\u00e9<\/strong> (uniquement en saison), du t\u00e9l\u00e9phone direct, d&rsquo;un <strong>t\u00e9l\u00e9viseur LCD<\/strong> avec programmation satellitaire.<\/p>\n","protected":false},"excerpt":{"rendered":"<p>\u00c0 Venise, l&rsquo;H\u00f4tel Cavalletto &amp; Doge Orseolo 4 \u00e9toiles offre 107 chambres confortables, certaines avec vue sur le bassin Orseolo, l&rsquo;\u00e9tendue d&rsquo;eau pittoresque o\u00f9 stationnent les gondoles, juste derri\u00e8re la Place Saint-Marc. Les chambres de l&rsquo;H\u00f4tel Cavalletto de Venise sont \u00e9l\u00e9gantes et superbement meubl\u00e9es, dot\u00e9es de l&rsquo;air conditionn\u00e9 (uniquement en saison), du t\u00e9l\u00e9phone direct, d&rsquo;un [&hellip;]<\/p>\n","protected":false},"author":6,"featured_media":0,"parent":0,"menu_order":20,"comment_status":"closed","ping_status":"closed","template":"template-rooms.php","meta":{"footnotes":""},"class_list":["post-298","page","type-page","status-publish","hentry"],"yoast_head":"<!-- This site is optimized with the Yoast SEO plugin v26.9 - https:\/\/yoast.com\/product\/yoast-seo-wordpress\/ -->\n<title>Chambres - Hotel Cavalletto &amp; Doge Orseolo Venice -<\/title>\n<meta name=\"description\" content=\"\u00c0 Venise, l&#039;H\u00f4tel Cavalletto &amp; Doge Orseolo 4 \u00e9toiles offre 107 chambres confortables, certaines avec vue sur le bassin Orseolo, l&#039;\u00e9tendue d&#039;eau pittoresque o\u00f9 stationnent les gondoles, juste derri\u00e8re la Place Saint-Marc.  Les chambres de l&#039;H\u00f4tel Cavalletto de Venise sont \u00e9l\u00e9gantes et superbement meubl\u00e9es, dot\u00e9es de l&#039;air conditionn\u00e9 (uniquement en saison), du t\u00e9l\u00e9phone direct, d&#039;un t\u00e9l\u00e9viseur LCD avec programmation satellitaire..\" \/>\n<meta name=\"robots\" content=\"index, follow, max-snippet:-1, max-image-preview:large, max-video-preview:-1\" \/>\n<link rel=\"canonical\" href=\"https:\/\/www.hotelcavallettovenice.com\/fr\/chambres\/\" \/>\n<meta property=\"og:locale\" content=\"fr_FR\" \/>\n<meta property=\"og:type\" content=\"article\" \/>\n<meta property=\"og:title\" content=\"Chambres - Hotel Cavalletto &amp; Doge Orseolo Venice -\" \/>\n<meta property=\"og:description\" content=\"\u00c0 Venise, l&#039;H\u00f4tel Cavalletto &amp; Doge Orseolo 4 \u00e9toiles offre 107 chambres confortables, certaines avec vue sur le bassin Orseolo, l&#039;\u00e9tendue d&#039;eau pittoresque o\u00f9 stationnent les gondoles, juste derri\u00e8re la Place Saint-Marc.  Les chambres de l&#039;H\u00f4tel Cavalletto de Venise sont \u00e9l\u00e9gantes et superbement meubl\u00e9es, dot\u00e9es de l&#039;air conditionn\u00e9 (uniquement en saison), du t\u00e9l\u00e9phone direct, d&#039;un t\u00e9l\u00e9viseur LCD avec programmation satellitaire..\" \/>\n<meta property=\"og:url\" content=\"https:\/\/www.hotelcavallettovenice.com\/fr\/chambres\/\" \/>\n<meta property=\"og:site_name\" content=\"Hotel Cavalletto &amp; Doge Orseolo Venice\" \/>\n<meta property=\"article:modified_time\" content=\"2026-02-09T09:37:48+00:00\" \/>\n<meta name=\"twitter:card\" content=\"summary_large_image\" \/>\n<meta name=\"twitter:label1\" content=\"Est. reading time\" \/>\n\t<meta name=\"twitter:data1\" content=\"1 minute\" \/>\n<script type=\"application\/ld+json\" class=\"yoast-schema-graph\">{\"@context\":\"https:\/\/schema.org\",\"@graph\":[{\"@type\":\"WebPage\",\"@id\":\"https:\/\/www.hotelcavallettovenice.com\/fr\/chambres\/\",\"url\":\"https:\/\/www.hotelcavallettovenice.com\/fr\/chambres\/\",\"name\":\"Chambres - Hotel Cavalletto &amp; Doge Orseolo Venice -\",\"isPartOf\":{\"@id\":\"https:\/\/www.hotelcavallettovenice.com\/fr\/#website\"},\"datePublished\":\"2026-01-13T16:19:03+00:00\",\"dateModified\":\"2026-02-09T09:37:48+00:00\",\"description\":\"\u00c0 Venise, l'H\u00f4tel Cavalletto &amp; Doge Orseolo 4 \u00e9toiles offre 107 chambres confortables, certaines avec vue sur le bassin Orseolo, l'\u00e9tendue d'eau pittoresque o\u00f9 stationnent les gondoles, juste derri\u00e8re la Place Saint-Marc. Les chambres de l'H\u00f4tel Cavalletto de Venise sont \u00e9l\u00e9gantes et superbement meubl\u00e9es, dot\u00e9es de l'air conditionn\u00e9 (uniquement en saison), du t\u00e9l\u00e9phone direct, d'un t\u00e9l\u00e9viseur LCD avec programmation satellitaire..\",\"breadcrumb\":{\"@id\":\"https:\/\/www.hotelcavallettovenice.com\/fr\/chambres\/#breadcrumb\"},\"inLanguage\":\"fr-FR\",\"potentialAction\":[{\"@type\":\"ReadAction\",\"target\":[\"https:\/\/www.hotelcavallettovenice.com\/fr\/chambres\/\"]}]},{\"@type\":\"BreadcrumbList\",\"@id\":\"https:\/\/www.hotelcavallettovenice.com\/fr\/chambres\/#breadcrumb\",\"itemListElement\":[{\"@type\":\"ListItem\",\"position\":1,\"name\":\"Home\",\"item\":\"https:\/\/www.hotelcavallettovenice.com\/fr\/\"},{\"@type\":\"ListItem\",\"position\":2,\"name\":\"Chambres\"}]},{\"@type\":\"WebSite\",\"@id\":\"https:\/\/www.hotelcavallettovenice.com\/fr\/#website\",\"url\":\"https:\/\/www.hotelcavallettovenice.com\/fr\/\",\"name\":\"Hotel Cavalletto &amp; Doge Orseolo Venice\",\"description\":\"\",\"potentialAction\":[{\"@type\":\"SearchAction\",\"target\":{\"@type\":\"EntryPoint\",\"urlTemplate\":\"https:\/\/www.hotelcavallettovenice.com\/fr\/?s={search_term_string}\"},\"query-input\":{\"@type\":\"PropertyValueSpecification\",\"valueRequired\":true,\"valueName\":\"search_term_string\"}}],\"inLanguage\":\"fr-FR\"}]}<\/script>\n<!-- \/ Yoast SEO plugin. -->","yoast_head_json":{"title":"Chambres - Hotel Cavalletto &amp; Doge Orseolo Venice -","description":"\u00c0 Venise, l'H\u00f4tel Cavalletto &amp; Doge Orseolo 4 \u00e9toiles offre 107 chambres confortables, certaines avec vue sur le bassin Orseolo, l'\u00e9tendue d'eau pittoresque o\u00f9 stationnent les gondoles, juste derri\u00e8re la Place Saint-Marc.  Les chambres de l'H\u00f4tel Cavalletto de Venise sont \u00e9l\u00e9gantes et superbement meubl\u00e9es, dot\u00e9es de l'air conditionn\u00e9 (uniquement en saison), du t\u00e9l\u00e9phone direct, d'un t\u00e9l\u00e9viseur LCD avec programmation satellitaire..","robots":{"index":"index","follow":"follow","max-snippet":"max-snippet:-1","max-image-preview":"max-image-preview:large","max-video-preview":"max-video-preview:-1"},"canonical":"https:\/\/www.hotelcavallettovenice.com\/fr\/chambres\/","og_locale":"fr_FR","og_type":"article","og_title":"Chambres - Hotel Cavalletto &amp; Doge Orseolo Venice -","og_description":"\u00c0 Venise, l'H\u00f4tel Cavalletto &amp; Doge Orseolo 4 \u00e9toiles offre 107 chambres confortables, certaines avec vue sur le bassin Orseolo, l'\u00e9tendue d'eau pittoresque o\u00f9 stationnent les gondoles, juste derri\u00e8re la Place Saint-Marc.  Les chambres de l'H\u00f4tel Cavalletto de Venise sont \u00e9l\u00e9gantes et superbement meubl\u00e9es, dot\u00e9es de l'air conditionn\u00e9 (uniquement en saison), du t\u00e9l\u00e9phone direct, d'un t\u00e9l\u00e9viseur LCD avec programmation satellitaire..","og_url":"https:\/\/www.hotelcavallettovenice.com\/fr\/chambres\/","og_site_name":"Hotel Cavalletto &amp; Doge Orseolo Venice","article_modified_time":"2026-02-09T09:37:48+00:00","twitter_card":"summary_large_image","twitter_misc":{"Est. reading time":"1 minute"},"schema":{"@context":"https:\/\/schema.org","@graph":[{"@type":"WebPage","@id":"https:\/\/www.hotelcavallettovenice.com\/fr\/chambres\/","url":"https:\/\/www.hotelcavallettovenice.com\/fr\/chambres\/","name":"Chambres - Hotel Cavalletto &amp; Doge Orseolo Venice -","isPartOf":{"@id":"https:\/\/www.hotelcavallettovenice.com\/fr\/#website"},"datePublished":"2026-01-13T16:19:03+00:00","dateModified":"2026-02-09T09:37:48+00:00","description":"\u00c0 Venise, l'H\u00f4tel Cavalletto &amp; Doge Orseolo 4 \u00e9toiles offre 107 chambres confortables, certaines avec vue sur le bassin Orseolo, l'\u00e9tendue d'eau pittoresque o\u00f9 stationnent les gondoles, juste derri\u00e8re la Place Saint-Marc. Les chambres de l'H\u00f4tel Cavalletto de Venise sont \u00e9l\u00e9gantes et superbement meubl\u00e9es, dot\u00e9es de l'air conditionn\u00e9 (uniquement en saison), du t\u00e9l\u00e9phone direct, d'un t\u00e9l\u00e9viseur LCD avec programmation satellitaire..","breadcrumb":{"@id":"https:\/\/www.hotelcavallettovenice.com\/fr\/chambres\/#breadcrumb"},"inLanguage":"fr-FR","potentialAction":[{"@type":"ReadAction","target":["https:\/\/www.hotelcavallettovenice.com\/fr\/chambres\/"]}]},{"@type":"BreadcrumbList","@id":"https:\/\/www.hotelcavallettovenice.com\/fr\/chambres\/#breadcrumb","itemListElement":[{"@type":"ListItem","position":1,"name":"Home","item":"https:\/\/www.hotelcavallettovenice.com\/fr\/"},{"@type":"ListItem","position":2,"name":"Chambres"}]},{"@type":"WebSite","@id":"https:\/\/www.hotelcavallettovenice.com\/fr\/#website","url":"https:\/\/www.hotelcavallettovenice.com\/fr\/","name":"Hotel Cavalletto &amp; Doge Orseolo Venice","description":"","potentialAction":[{"@type":"SearchAction","target":{"@type":"EntryPoint","urlTemplate":"https:\/\/www.hotelcavallettovenice.com\/fr\/?s={search_term_string}"},"query-input":{"@type":"PropertyValueSpecification","valueRequired":true,"valueName":"search_term_string"}}],"inLanguage":"fr-FR"}]}},"acf":[],"_links":{"self":[{"href":"https:\/\/www.hotelcavallettovenice.com\/fr\/wp-json\/wp\/v2\/pages\/298","targetHints":{"allow":["GET"]}}],"collection":[{"href":"https:\/\/www.hotelcavallettovenice.com\/fr\/wp-json\/wp\/v2\/pages"}],"about":[{"href":"https:\/\/www.hotelcavallettovenice.com\/fr\/wp-json\/wp\/v2\/types\/page"}],"author":[{"embeddable":true,"href":"https:\/\/www.hotelcavallettovenice.com\/fr\/wp-json\/wp\/v2\/users\/6"}],"replies":[{"embeddable":true,"href":"https:\/\/www.hotelcavallettovenice.com\/fr\/wp-json\/wp\/v2\/comments?post=298"}],"version-history":[{"count":0,"href":"https:\/\/www.hotelcavallettovenice.com\/fr\/wp-json\/wp\/v2\/pages\/298\/revisions"}],"wp:attachment":[{"href":"https:\/\/www.hotelcavallettovenice.com\/fr\/wp-json\/wp\/v2\/media?parent=298"}],"curies":[{"name":"wp","href":"https:\/\/api.w.org\/{rel}","templated":true}]}}