{"id":292,"date":"2026-01-13T11:25:59","date_gmt":"2026-01-13T11:25:59","guid":{"rendered":"https:\/\/hotelcavallettovenice.ms3.decms.eu\/?page_id=292"},"modified":"2026-02-09T09:27:02","modified_gmt":"2026-02-09T09:27:02","slug":"hotel-cavalletto-doge-orseolo","status":"publish","type":"page","link":"https:\/\/www.hotelcavallettovenice.com\/fr\/","title":{"rendered":"H\u00f4tel Cavalletto &#038; Doge Orseolo"},"content":{"rendered":"<p>L&rsquo;<strong>H\u00f4tel Cavalletto et Doge Orseolo 4 \u00e9toiles<\/strong> de <strong>Venise<\/strong> donne sur le <strong>bassin Orseolo<\/strong>, l&rsquo;un des lieux les plus c\u00e9l\u00e8bres et int\u00e9ressants du <strong>centre historique<\/strong>, avec un acc\u00e8s exceptionnel \u00e0 la superbe <strong>Place Saint-Marc<\/strong> qui se trouve \u00e0 seulement 50 m\u00e8tres.<\/p>\n<p>L&rsquo;exp\u00e9rience s\u00e9culaire de l&rsquo;hospitalit\u00e9 et de l&rsquo;accueil qui distingue l\u2019<strong>H\u00f4tel Cavalletto<\/strong> des autres h\u00f4tels de Venise vous assure de passer un s\u00e9jour magique dans des chambres dans le plus pur <strong>style v\u00e9nitien<\/strong>, entour\u00e9 d&rsquo;un personnel cordial et d&rsquo;un service impeccable.<\/p>\n","protected":false},"excerpt":{"rendered":"<p>L&rsquo;H\u00f4tel Cavalletto et Doge Orseolo 4 \u00e9toiles de Venise donne sur le bassin Orseolo, l&rsquo;un des lieux les plus c\u00e9l\u00e8bres et int\u00e9ressants du centre historique, avec un acc\u00e8s exceptionnel \u00e0 la superbe Place Saint-Marc qui se trouve \u00e0 seulement 50 m\u00e8tres. L&rsquo;exp\u00e9rience s\u00e9culaire de l&rsquo;hospitalit\u00e9 et de l&rsquo;accueil qui distingue l\u2019H\u00f4tel Cavalletto des autres h\u00f4tels [&hellip;]<\/p>\n","protected":false},"author":6,"featured_media":0,"parent":0,"menu_order":10,"comment_status":"closed","ping_status":"closed","template":"","meta":{"footnotes":""},"class_list":["post-292","page","type-page","status-publish","hentry"],"yoast_head":"<!-- This site is optimized with the Yoast SEO plugin v26.9 - https:\/\/yoast.com\/product\/yoast-seo-wordpress\/ -->\n<title>H\u00f4tel Cavalletto &amp; Doge Orseolo - Hotel Cavalletto &amp; Doge Orseolo Venice -<\/title>\n<meta name=\"description\" content=\"L&#039;H\u00f4tel Cavalletto et Doge Orseolo 4 \u00e9toiles de Venise donne sur le bassin Orseolo, l&#039;un des lieux les plus c\u00e9l\u00e8bres et int\u00e9ressants du centre historique, avec un acc\u00e8s exceptionnel \u00e0 la superbe Place Saint-Marc qui se trouve \u00e0 seulement 50 m\u00e8tres.  L&#039;exp\u00e9rience s\u00e9culaire de l&#039;hospitalit\u00e9 et de l&#039;accueil qui distingue l\u2019H\u00f4tel Cavalletto des autres h\u00f4tels de Venise vous assure de passer un s\u00e9jour magique dans des chambres dans le plus pur style v\u00e9nitien, entour\u00e9 d&#039;un personnel cordial et d&#039;un service impeccable..\" \/>\n<meta name=\"robots\" content=\"index, follow, max-snippet:-1, max-image-preview:large, max-video-preview:-1\" \/>\n<link rel=\"canonical\" href=\"https:\/\/www.hotelcavallettovenice.com\/fr\/\" \/>\n<meta property=\"og:locale\" content=\"fr_FR\" \/>\n<meta property=\"og:type\" content=\"article\" \/>\n<meta property=\"og:title\" content=\"H\u00f4tel Cavalletto &amp; Doge Orseolo - Hotel Cavalletto &amp; Doge Orseolo Venice -\" \/>\n<meta property=\"og:description\" content=\"L&#039;H\u00f4tel Cavalletto et Doge Orseolo 4 \u00e9toiles de Venise donne sur le bassin Orseolo, l&#039;un des lieux les plus c\u00e9l\u00e8bres et int\u00e9ressants du centre historique, avec un acc\u00e8s exceptionnel \u00e0 la superbe Place Saint-Marc qui se trouve \u00e0 seulement 50 m\u00e8tres.  L&#039;exp\u00e9rience s\u00e9culaire de l&#039;hospitalit\u00e9 et de l&#039;accueil qui distingue l\u2019H\u00f4tel Cavalletto des autres h\u00f4tels de Venise vous assure de passer un s\u00e9jour magique dans des chambres dans le plus pur style v\u00e9nitien, entour\u00e9 d&#039;un personnel cordial et d&#039;un service impeccable..\" \/>\n<meta property=\"og:url\" content=\"https:\/\/www.hotelcavallettovenice.com\/fr\/\" \/>\n<meta property=\"og:site_name\" content=\"Hotel Cavalletto &amp; Doge Orseolo Venice\" \/>\n<meta property=\"article:modified_time\" content=\"2026-02-09T09:27:02+00:00\" \/>\n<meta name=\"twitter:card\" content=\"summary_large_image\" \/>\n<meta name=\"twitter:label1\" content=\"Est. reading time\" \/>\n\t<meta name=\"twitter:data1\" content=\"1 minute\" \/>\n<script type=\"application\/ld+json\" class=\"yoast-schema-graph\">{\"@context\":\"https:\/\/schema.org\",\"@graph\":[{\"@type\":\"WebPage\",\"@id\":\"https:\/\/www.hotelcavallettovenice.com\/fr\/\",\"url\":\"https:\/\/www.hotelcavallettovenice.com\/fr\/\",\"name\":\"H\u00f4tel Cavalletto & Doge Orseolo - Hotel Cavalletto &amp; Doge Orseolo Venice -\",\"isPartOf\":{\"@id\":\"https:\/\/www.hotelcavallettovenice.com\/fr\/#website\"},\"datePublished\":\"2026-01-13T11:25:59+00:00\",\"dateModified\":\"2026-02-09T09:27:02+00:00\",\"description\":\"L'H\u00f4tel Cavalletto et Doge Orseolo 4 \u00e9toiles de Venise donne sur le bassin Orseolo, l'un des lieux les plus c\u00e9l\u00e8bres et int\u00e9ressants du centre historique, avec un acc\u00e8s exceptionnel \u00e0 la superbe Place Saint-Marc qui se trouve \u00e0 seulement 50 m\u00e8tres. L'exp\u00e9rience s\u00e9culaire de l'hospitalit\u00e9 et de l'accueil qui distingue l\u2019H\u00f4tel Cavalletto des autres h\u00f4tels de Venise vous assure de passer un s\u00e9jour magique dans des chambres dans le plus pur style v\u00e9nitien, entour\u00e9 d'un personnel cordial et d'un service impeccable..\",\"breadcrumb\":{\"@id\":\"https:\/\/www.hotelcavallettovenice.com\/fr\/#breadcrumb\"},\"inLanguage\":\"fr-FR\",\"potentialAction\":[{\"@type\":\"ReadAction\",\"target\":[\"https:\/\/www.hotelcavallettovenice.com\/fr\/\"]}]},{\"@type\":\"BreadcrumbList\",\"@id\":\"https:\/\/www.hotelcavallettovenice.com\/fr\/#breadcrumb\",\"itemListElement\":[{\"@type\":\"ListItem\",\"position\":1,\"name\":\"Home\",\"item\":\"https:\/\/www.hotelcavallettovenice.com\/fr\/\"},{\"@type\":\"ListItem\",\"position\":2,\"name\":\"H\u00f4tel Cavalletto &#038; Doge Orseolo\"}]},{\"@type\":\"WebSite\",\"@id\":\"https:\/\/www.hotelcavallettovenice.com\/fr\/#website\",\"url\":\"https:\/\/www.hotelcavallettovenice.com\/fr\/\",\"name\":\"Hotel Cavalletto &amp; Doge Orseolo Venice\",\"description\":\"\",\"potentialAction\":[{\"@type\":\"SearchAction\",\"target\":{\"@type\":\"EntryPoint\",\"urlTemplate\":\"https:\/\/www.hotelcavallettovenice.com\/fr\/?s={search_term_string}\"},\"query-input\":{\"@type\":\"PropertyValueSpecification\",\"valueRequired\":true,\"valueName\":\"search_term_string\"}}],\"inLanguage\":\"fr-FR\"}]}<\/script>\n<!-- \/ Yoast SEO plugin. -->","yoast_head_json":{"title":"H\u00f4tel Cavalletto & Doge Orseolo - Hotel Cavalletto &amp; Doge Orseolo Venice -","description":"L'H\u00f4tel Cavalletto et Doge Orseolo 4 \u00e9toiles de Venise donne sur le bassin Orseolo, l'un des lieux les plus c\u00e9l\u00e8bres et int\u00e9ressants du centre historique, avec un acc\u00e8s exceptionnel \u00e0 la superbe Place Saint-Marc qui se trouve \u00e0 seulement 50 m\u00e8tres.  L'exp\u00e9rience s\u00e9culaire de l'hospitalit\u00e9 et de l'accueil qui distingue l\u2019H\u00f4tel Cavalletto des autres h\u00f4tels de Venise vous assure de passer un s\u00e9jour magique dans des chambres dans le plus pur style v\u00e9nitien, entour\u00e9 d'un personnel cordial et d'un service impeccable..","robots":{"index":"index","follow":"follow","max-snippet":"max-snippet:-1","max-image-preview":"max-image-preview:large","max-video-preview":"max-video-preview:-1"},"canonical":"https:\/\/www.hotelcavallettovenice.com\/fr\/","og_locale":"fr_FR","og_type":"article","og_title":"H\u00f4tel Cavalletto & Doge Orseolo - Hotel Cavalletto &amp; Doge Orseolo Venice -","og_description":"L'H\u00f4tel Cavalletto et Doge Orseolo 4 \u00e9toiles de Venise donne sur le bassin Orseolo, l'un des lieux les plus c\u00e9l\u00e8bres et int\u00e9ressants du centre historique, avec un acc\u00e8s exceptionnel \u00e0 la superbe Place Saint-Marc qui se trouve \u00e0 seulement 50 m\u00e8tres.  L'exp\u00e9rience s\u00e9culaire de l'hospitalit\u00e9 et de l'accueil qui distingue l\u2019H\u00f4tel Cavalletto des autres h\u00f4tels de Venise vous assure de passer un s\u00e9jour magique dans des chambres dans le plus pur style v\u00e9nitien, entour\u00e9 d'un personnel cordial et d'un service impeccable..","og_url":"https:\/\/www.hotelcavallettovenice.com\/fr\/","og_site_name":"Hotel Cavalletto &amp; Doge Orseolo Venice","article_modified_time":"2026-02-09T09:27:02+00:00","twitter_card":"summary_large_image","twitter_misc":{"Est. reading time":"1 minute"},"schema":{"@context":"https:\/\/schema.org","@graph":[{"@type":"WebPage","@id":"https:\/\/www.hotelcavallettovenice.com\/fr\/","url":"https:\/\/www.hotelcavallettovenice.com\/fr\/","name":"H\u00f4tel Cavalletto & Doge Orseolo - Hotel Cavalletto &amp; Doge Orseolo Venice -","isPartOf":{"@id":"https:\/\/www.hotelcavallettovenice.com\/fr\/#website"},"datePublished":"2026-01-13T11:25:59+00:00","dateModified":"2026-02-09T09:27:02+00:00","description":"L'H\u00f4tel Cavalletto et Doge Orseolo 4 \u00e9toiles de Venise donne sur le bassin Orseolo, l'un des lieux les plus c\u00e9l\u00e8bres et int\u00e9ressants du centre historique, avec un acc\u00e8s exceptionnel \u00e0 la superbe Place Saint-Marc qui se trouve \u00e0 seulement 50 m\u00e8tres. L'exp\u00e9rience s\u00e9culaire de l'hospitalit\u00e9 et de l'accueil qui distingue l\u2019H\u00f4tel Cavalletto des autres h\u00f4tels de Venise vous assure de passer un s\u00e9jour magique dans des chambres dans le plus pur style v\u00e9nitien, entour\u00e9 d'un personnel cordial et d'un service impeccable..","breadcrumb":{"@id":"https:\/\/www.hotelcavallettovenice.com\/fr\/#breadcrumb"},"inLanguage":"fr-FR","potentialAction":[{"@type":"ReadAction","target":["https:\/\/www.hotelcavallettovenice.com\/fr\/"]}]},{"@type":"BreadcrumbList","@id":"https:\/\/www.hotelcavallettovenice.com\/fr\/#breadcrumb","itemListElement":[{"@type":"ListItem","position":1,"name":"Home","item":"https:\/\/www.hotelcavallettovenice.com\/fr\/"},{"@type":"ListItem","position":2,"name":"H\u00f4tel Cavalletto &#038; Doge Orseolo"}]},{"@type":"WebSite","@id":"https:\/\/www.hotelcavallettovenice.com\/fr\/#website","url":"https:\/\/www.hotelcavallettovenice.com\/fr\/","name":"Hotel Cavalletto &amp; Doge Orseolo Venice","description":"","potentialAction":[{"@type":"SearchAction","target":{"@type":"EntryPoint","urlTemplate":"https:\/\/www.hotelcavallettovenice.com\/fr\/?s={search_term_string}"},"query-input":{"@type":"PropertyValueSpecification","valueRequired":true,"valueName":"search_term_string"}}],"inLanguage":"fr-FR"}]}},"acf":[],"_links":{"self":[{"href":"https:\/\/www.hotelcavallettovenice.com\/fr\/wp-json\/wp\/v2\/pages\/292","targetHints":{"allow":["GET"]}}],"collection":[{"href":"https:\/\/www.hotelcavallettovenice.com\/fr\/wp-json\/wp\/v2\/pages"}],"about":[{"href":"https:\/\/www.hotelcavallettovenice.com\/fr\/wp-json\/wp\/v2\/types\/page"}],"author":[{"embeddable":true,"href":"https:\/\/www.hotelcavallettovenice.com\/fr\/wp-json\/wp\/v2\/users\/6"}],"replies":[{"embeddable":true,"href":"https:\/\/www.hotelcavallettovenice.com\/fr\/wp-json\/wp\/v2\/comments?post=292"}],"version-history":[{"count":0,"href":"https:\/\/www.hotelcavallettovenice.com\/fr\/wp-json\/wp\/v2\/pages\/292\/revisions"}],"wp:attachment":[{"href":"https:\/\/www.hotelcavallettovenice.com\/fr\/wp-json\/wp\/v2\/media?parent=292"}],"curies":[{"name":"wp","href":"https:\/\/api.w.org\/{rel}","templated":true}]}}