{"id":376,"date":"2026-01-13T16:19:58","date_gmt":"2026-01-13T16:19:58","guid":{"rendered":"https:\/\/hotelcavallettovenice.ms3.decms.eu\/?page_id=376"},"modified":"2026-02-25T15:24:49","modified_gmt":"2026-02-25T15:24:49","slug":"servicios","status":"publish","type":"page","link":"https:\/\/www.hotelcavallettovenice.com\/es\/servicios\/","title":{"rendered":"Servicios"},"content":{"rendered":"<p>La c\u00e9ntrica ubicaci\u00f3n y la gran pasi\u00f3n por la <strong>hospitalidad<\/strong> son solo algunas de las caracter\u00edsticas que le cautivar\u00e1n al elegir el <strong>antiguo Hotel Cavalletto &amp; Doge Orseolo<\/strong>, <strong>hotel internacional de 4 estrellas<\/strong> de <strong>Venecia<\/strong> cerca de <strong>Piazza San Marco<\/strong>.<\/p>\n<p>Orientada hacia el pintoresco <strong>Bacino Orseolo<\/strong>, en el que repostan las g\u00f3ndolas, esta hist\u00f3rica y c\u00f3moda residencia de Venecia \u2013incluida en la prestigiosa <strong>Gu\u00eda de Locales Hist\u00f3ricos de Italia<\/strong>\u2013 alberg\u00f3 entre los a\u00f1os veinte y treinta del siglo XX a personajes como Richard Strauss, <strong>Winston Churchill<\/strong>, el Duque de Aosta y el escritor Hermann Hesse.<\/p>\n","protected":false},"excerpt":{"rendered":"<p>La c\u00e9ntrica ubicaci\u00f3n y la gran pasi\u00f3n por la hospitalidad son solo algunas de las caracter\u00edsticas que le cautivar\u00e1n al elegir el antiguo Hotel Cavalletto &amp; Doge Orseolo, hotel internacional de 4 estrellas de Venecia cerca de Piazza San Marco. Orientada hacia el pintoresco Bacino Orseolo, en el que repostan las g\u00f3ndolas, esta hist\u00f3rica y [&hellip;]<\/p>\n","protected":false},"author":6,"featured_media":0,"parent":0,"menu_order":30,"comment_status":"closed","ping_status":"closed","template":"template-services.php","meta":{"footnotes":""},"class_list":["post-376","page","type-page","status-publish","hentry"],"yoast_head":"<!-- This site is optimized with the Yoast SEO plugin v26.9 - https:\/\/yoast.com\/product\/yoast-seo-wordpress\/ -->\n<title>Servicios - Hotel Cavalletto &amp; Doge Orseolo Venice -<\/title>\n<meta name=\"description\" content=\"La c\u00e9ntrica ubicaci\u00f3n y la gran pasi\u00f3n por la hospitalidad son solo algunas de las caracter\u00edsticas que le cautivar\u00e1n al elegir el antiguo Hotel Cavalletto &amp; Doge Orseolo, hotel internacional de 4 estrellas de Venecia cerca de Piazza San Marco.  Orientada hacia el pintoresco Bacino Orseolo, en el que repostan las g\u00f3ndolas, esta hist\u00f3rica y c\u00f3moda residencia de Venecia \u2013incluida en la prestigiosa Gu\u00eda de Locales Hist\u00f3ricos de Italia\u2013 alberg\u00f3 entre los a\u00f1os veinte y treinta del siglo XX a personajes como Richard Strauss, Winston Churchill, el Duque de Aosta y el escritor Hermann Hesse..\" \/>\n<meta name=\"robots\" content=\"index, follow, max-snippet:-1, max-image-preview:large, max-video-preview:-1\" \/>\n<link rel=\"canonical\" href=\"https:\/\/www.hotelcavallettovenice.com\/es\/servicios\/\" \/>\n<meta property=\"og:locale\" content=\"es_ES\" \/>\n<meta property=\"og:type\" content=\"article\" \/>\n<meta property=\"og:title\" content=\"Servicios - Hotel Cavalletto &amp; Doge Orseolo Venice -\" \/>\n<meta property=\"og:description\" content=\"La c\u00e9ntrica ubicaci\u00f3n y la gran pasi\u00f3n por la hospitalidad son solo algunas de las caracter\u00edsticas que le cautivar\u00e1n al elegir el antiguo Hotel Cavalletto &amp; Doge Orseolo, hotel internacional de 4 estrellas de Venecia cerca de Piazza San Marco.  Orientada hacia el pintoresco Bacino Orseolo, en el que repostan las g\u00f3ndolas, esta hist\u00f3rica y c\u00f3moda residencia de Venecia \u2013incluida en la prestigiosa Gu\u00eda de Locales Hist\u00f3ricos de Italia\u2013 alberg\u00f3 entre los a\u00f1os veinte y treinta del siglo XX a personajes como Richard Strauss, Winston Churchill, el Duque de Aosta y el escritor Hermann Hesse..\" \/>\n<meta property=\"og:url\" content=\"https:\/\/www.hotelcavallettovenice.com\/es\/servicios\/\" \/>\n<meta property=\"og:site_name\" content=\"Hotel Cavalletto &amp; Doge Orseolo Venice\" \/>\n<meta property=\"article:modified_time\" content=\"2026-02-25T15:24:49+00:00\" \/>\n<meta name=\"twitter:card\" content=\"summary_large_image\" \/>\n<meta name=\"twitter:label1\" content=\"Est. reading time\" \/>\n\t<meta name=\"twitter:data1\" content=\"1 minuto\" \/>\n<script type=\"application\/ld+json\" class=\"yoast-schema-graph\">{\"@context\":\"https:\/\/schema.org\",\"@graph\":[{\"@type\":\"WebPage\",\"@id\":\"https:\/\/www.hotelcavallettovenice.com\/es\/servicios\/\",\"url\":\"https:\/\/www.hotelcavallettovenice.com\/es\/servicios\/\",\"name\":\"Servicios - Hotel Cavalletto &amp; Doge Orseolo Venice -\",\"isPartOf\":{\"@id\":\"https:\/\/www.hotelcavallettovenice.com\/es\/#website\"},\"datePublished\":\"2026-01-13T16:19:58+00:00\",\"dateModified\":\"2026-02-25T15:24:49+00:00\",\"description\":\"La c\u00e9ntrica ubicaci\u00f3n y la gran pasi\u00f3n por la hospitalidad son solo algunas de las caracter\u00edsticas que le cautivar\u00e1n al elegir el antiguo Hotel Cavalletto &amp; Doge Orseolo, hotel internacional de 4 estrellas de Venecia cerca de Piazza San Marco. Orientada hacia el pintoresco Bacino Orseolo, en el que repostan las g\u00f3ndolas, esta hist\u00f3rica y c\u00f3moda residencia de Venecia \u2013incluida en la prestigiosa Gu\u00eda de Locales Hist\u00f3ricos de Italia\u2013 alberg\u00f3 entre los a\u00f1os veinte y treinta del siglo XX a personajes como Richard Strauss, Winston Churchill, el Duque de Aosta y el escritor Hermann Hesse..\",\"breadcrumb\":{\"@id\":\"https:\/\/www.hotelcavallettovenice.com\/es\/servicios\/#breadcrumb\"},\"inLanguage\":\"es\",\"potentialAction\":[{\"@type\":\"ReadAction\",\"target\":[\"https:\/\/www.hotelcavallettovenice.com\/es\/servicios\/\"]}]},{\"@type\":\"BreadcrumbList\",\"@id\":\"https:\/\/www.hotelcavallettovenice.com\/es\/servicios\/#breadcrumb\",\"itemListElement\":[{\"@type\":\"ListItem\",\"position\":1,\"name\":\"Home\",\"item\":\"https:\/\/www.hotelcavallettovenice.com\/es\/\"},{\"@type\":\"ListItem\",\"position\":2,\"name\":\"Servicios\"}]},{\"@type\":\"WebSite\",\"@id\":\"https:\/\/www.hotelcavallettovenice.com\/es\/#website\",\"url\":\"https:\/\/www.hotelcavallettovenice.com\/es\/\",\"name\":\"Hotel Cavalletto &amp; Doge Orseolo Venice\",\"description\":\"\",\"potentialAction\":[{\"@type\":\"SearchAction\",\"target\":{\"@type\":\"EntryPoint\",\"urlTemplate\":\"https:\/\/www.hotelcavallettovenice.com\/es\/?s={search_term_string}\"},\"query-input\":{\"@type\":\"PropertyValueSpecification\",\"valueRequired\":true,\"valueName\":\"search_term_string\"}}],\"inLanguage\":\"es\"}]}<\/script>\n<!-- \/ Yoast SEO plugin. -->","yoast_head_json":{"title":"Servicios - Hotel Cavalletto &amp; Doge Orseolo Venice -","description":"La c\u00e9ntrica ubicaci\u00f3n y la gran pasi\u00f3n por la hospitalidad son solo algunas de las caracter\u00edsticas que le cautivar\u00e1n al elegir el antiguo Hotel Cavalletto &amp; Doge Orseolo, hotel internacional de 4 estrellas de Venecia cerca de Piazza San Marco.  Orientada hacia el pintoresco Bacino Orseolo, en el que repostan las g\u00f3ndolas, esta hist\u00f3rica y c\u00f3moda residencia de Venecia \u2013incluida en la prestigiosa Gu\u00eda de Locales Hist\u00f3ricos de Italia\u2013 alberg\u00f3 entre los a\u00f1os veinte y treinta del siglo XX a personajes como Richard Strauss, Winston Churchill, el Duque de Aosta y el escritor Hermann Hesse..","robots":{"index":"index","follow":"follow","max-snippet":"max-snippet:-1","max-image-preview":"max-image-preview:large","max-video-preview":"max-video-preview:-1"},"canonical":"https:\/\/www.hotelcavallettovenice.com\/es\/servicios\/","og_locale":"es_ES","og_type":"article","og_title":"Servicios - Hotel Cavalletto &amp; Doge Orseolo Venice -","og_description":"La c\u00e9ntrica ubicaci\u00f3n y la gran pasi\u00f3n por la hospitalidad son solo algunas de las caracter\u00edsticas que le cautivar\u00e1n al elegir el antiguo Hotel Cavalletto &amp; Doge Orseolo, hotel internacional de 4 estrellas de Venecia cerca de Piazza San Marco.  Orientada hacia el pintoresco Bacino Orseolo, en el que repostan las g\u00f3ndolas, esta hist\u00f3rica y c\u00f3moda residencia de Venecia \u2013incluida en la prestigiosa Gu\u00eda de Locales Hist\u00f3ricos de Italia\u2013 alberg\u00f3 entre los a\u00f1os veinte y treinta del siglo XX a personajes como Richard Strauss, Winston Churchill, el Duque de Aosta y el escritor Hermann Hesse..","og_url":"https:\/\/www.hotelcavallettovenice.com\/es\/servicios\/","og_site_name":"Hotel Cavalletto &amp; Doge Orseolo Venice","article_modified_time":"2026-02-25T15:24:49+00:00","twitter_card":"summary_large_image","twitter_misc":{"Est. reading time":"1 minuto"},"schema":{"@context":"https:\/\/schema.org","@graph":[{"@type":"WebPage","@id":"https:\/\/www.hotelcavallettovenice.com\/es\/servicios\/","url":"https:\/\/www.hotelcavallettovenice.com\/es\/servicios\/","name":"Servicios - Hotel Cavalletto &amp; Doge Orseolo Venice -","isPartOf":{"@id":"https:\/\/www.hotelcavallettovenice.com\/es\/#website"},"datePublished":"2026-01-13T16:19:58+00:00","dateModified":"2026-02-25T15:24:49+00:00","description":"La c\u00e9ntrica ubicaci\u00f3n y la gran pasi\u00f3n por la hospitalidad son solo algunas de las caracter\u00edsticas que le cautivar\u00e1n al elegir el antiguo Hotel Cavalletto &amp; Doge Orseolo, hotel internacional de 4 estrellas de Venecia cerca de Piazza San Marco. Orientada hacia el pintoresco Bacino Orseolo, en el que repostan las g\u00f3ndolas, esta hist\u00f3rica y c\u00f3moda residencia de Venecia \u2013incluida en la prestigiosa Gu\u00eda de Locales Hist\u00f3ricos de Italia\u2013 alberg\u00f3 entre los a\u00f1os veinte y treinta del siglo XX a personajes como Richard Strauss, Winston Churchill, el Duque de Aosta y el escritor Hermann Hesse..","breadcrumb":{"@id":"https:\/\/www.hotelcavallettovenice.com\/es\/servicios\/#breadcrumb"},"inLanguage":"es","potentialAction":[{"@type":"ReadAction","target":["https:\/\/www.hotelcavallettovenice.com\/es\/servicios\/"]}]},{"@type":"BreadcrumbList","@id":"https:\/\/www.hotelcavallettovenice.com\/es\/servicios\/#breadcrumb","itemListElement":[{"@type":"ListItem","position":1,"name":"Home","item":"https:\/\/www.hotelcavallettovenice.com\/es\/"},{"@type":"ListItem","position":2,"name":"Servicios"}]},{"@type":"WebSite","@id":"https:\/\/www.hotelcavallettovenice.com\/es\/#website","url":"https:\/\/www.hotelcavallettovenice.com\/es\/","name":"Hotel Cavalletto &amp; Doge Orseolo Venice","description":"","potentialAction":[{"@type":"SearchAction","target":{"@type":"EntryPoint","urlTemplate":"https:\/\/www.hotelcavallettovenice.com\/es\/?s={search_term_string}"},"query-input":{"@type":"PropertyValueSpecification","valueRequired":true,"valueName":"search_term_string"}}],"inLanguage":"es"}]}},"acf":[],"_links":{"self":[{"href":"https:\/\/www.hotelcavallettovenice.com\/es\/wp-json\/wp\/v2\/pages\/376","targetHints":{"allow":["GET"]}}],"collection":[{"href":"https:\/\/www.hotelcavallettovenice.com\/es\/wp-json\/wp\/v2\/pages"}],"about":[{"href":"https:\/\/www.hotelcavallettovenice.com\/es\/wp-json\/wp\/v2\/types\/page"}],"author":[{"embeddable":true,"href":"https:\/\/www.hotelcavallettovenice.com\/es\/wp-json\/wp\/v2\/users\/6"}],"replies":[{"embeddable":true,"href":"https:\/\/www.hotelcavallettovenice.com\/es\/wp-json\/wp\/v2\/comments?post=376"}],"version-history":[{"count":0,"href":"https:\/\/www.hotelcavallettovenice.com\/es\/wp-json\/wp\/v2\/pages\/376\/revisions"}],"wp:attachment":[{"href":"https:\/\/www.hotelcavallettovenice.com\/es\/wp-json\/wp\/v2\/media?parent=376"}],"curies":[{"name":"wp","href":"https:\/\/api.w.org\/{rel}","templated":true}]}}