{"id":346,"date":"2026-01-28T17:03:30","date_gmt":"2026-01-28T17:03:30","guid":{"rendered":"https:\/\/hotelcavallettovenice.ms3.decms.eu\/?page_id=346"},"modified":"2026-02-09T15:23:42","modified_gmt":"2026-02-09T15:23:42","slug":"cama-francesa-pequena","status":"publish","type":"page","link":"https:\/\/www.hotelcavallettovenice.com\/es\/habitaciones\/cama-francesa-pequena\/","title":{"rendered":"Cama francesa peque\u00f1a"},"content":{"rendered":"<p>Una soluci\u00f3n compacta y funcional, perfecta para estancias cortas. Equipada con una acogedora cama francesa, es la opci\u00f3n ideal para quienes buscan una base elegante sin renunciar al estilo veneciano que caracteriza a todo el establecimiento.<\/p>\n","protected":false},"excerpt":{"rendered":"<p>Una soluci\u00f3n compacta y funcional, perfecta para estancias cortas. Equipada con una acogedora cama francesa, es la opci\u00f3n ideal para quienes buscan una base elegante sin renunciar al estilo veneciano que caracteriza a todo el establecimiento.<\/p>\n","protected":false},"author":6,"featured_media":0,"parent":300,"menu_order":60,"comment_status":"closed","ping_status":"closed","template":"template-single-room.php","meta":{"footnotes":""},"class_list":["post-346","page","type-page","status-publish","hentry"],"yoast_head":"<!-- This site is optimized with the Yoast SEO plugin v26.9 - https:\/\/yoast.com\/product\/yoast-seo-wordpress\/ -->\n<title>Cama francesa peque\u00f1a - Hotel Cavalletto &amp; Doge Orseolo Venice -<\/title>\n<meta name=\"description\" content=\"Una soluci\u00f3n compacta y funcional, perfecta para estancias cortas. Equipada con una acogedora cama francesa, es la opci\u00f3n ideal para quienes buscan una base elegante sin renunciar al estilo veneciano que caracteriza a todo el establecimiento.\" \/>\n<meta name=\"robots\" content=\"index, follow, max-snippet:-1, max-image-preview:large, max-video-preview:-1\" \/>\n<link rel=\"canonical\" href=\"https:\/\/www.hotelcavallettovenice.com\/es\/habitaciones\/cama-francesa-pequena\/\" \/>\n<meta property=\"og:locale\" content=\"es_ES\" \/>\n<meta property=\"og:type\" content=\"article\" \/>\n<meta property=\"og:title\" content=\"Cama francesa peque\u00f1a - Hotel Cavalletto &amp; Doge Orseolo Venice -\" \/>\n<meta property=\"og:description\" content=\"Una soluci\u00f3n compacta y funcional, perfecta para estancias cortas. Equipada con una acogedora cama francesa, es la opci\u00f3n ideal para quienes buscan una base elegante sin renunciar al estilo veneciano que caracteriza a todo el establecimiento.\" \/>\n<meta property=\"og:url\" content=\"https:\/\/www.hotelcavallettovenice.com\/es\/habitaciones\/cama-francesa-pequena\/\" \/>\n<meta property=\"og:site_name\" content=\"Hotel Cavalletto &amp; Doge Orseolo Venice\" \/>\n<meta property=\"article:modified_time\" content=\"2026-02-09T15:23:42+00:00\" \/>\n<meta name=\"twitter:card\" content=\"summary_large_image\" \/>\n<meta name=\"twitter:label1\" content=\"Est. reading time\" \/>\n\t<meta name=\"twitter:data1\" content=\"1 minuto\" \/>\n<script type=\"application\/ld+json\" class=\"yoast-schema-graph\">{\"@context\":\"https:\/\/schema.org\",\"@graph\":[{\"@type\":\"WebPage\",\"@id\":\"https:\/\/www.hotelcavallettovenice.com\/es\/habitaciones\/cama-francesa-pequena\/\",\"url\":\"https:\/\/www.hotelcavallettovenice.com\/es\/habitaciones\/cama-francesa-pequena\/\",\"name\":\"Cama francesa peque\u00f1a - Hotel Cavalletto &amp; Doge Orseolo Venice -\",\"isPartOf\":{\"@id\":\"https:\/\/www.hotelcavallettovenice.com\/es\/#website\"},\"datePublished\":\"2026-01-28T17:03:30+00:00\",\"dateModified\":\"2026-02-09T15:23:42+00:00\",\"description\":\"Una soluci\u00f3n compacta y funcional, perfecta para estancias cortas. Equipada con una acogedora cama francesa, es la opci\u00f3n ideal para quienes buscan una base elegante sin renunciar al estilo veneciano que caracteriza a todo el establecimiento.\",\"breadcrumb\":{\"@id\":\"https:\/\/www.hotelcavallettovenice.com\/es\/habitaciones\/cama-francesa-pequena\/#breadcrumb\"},\"inLanguage\":\"es\",\"potentialAction\":[{\"@type\":\"ReadAction\",\"target\":[\"https:\/\/www.hotelcavallettovenice.com\/es\/habitaciones\/cama-francesa-pequena\/\"]}]},{\"@type\":\"BreadcrumbList\",\"@id\":\"https:\/\/www.hotelcavallettovenice.com\/es\/habitaciones\/cama-francesa-pequena\/#breadcrumb\",\"itemListElement\":[{\"@type\":\"ListItem\",\"position\":1,\"name\":\"Home\",\"item\":\"https:\/\/www.hotelcavallettovenice.com\/es\/\"},{\"@type\":\"ListItem\",\"position\":2,\"name\":\"Habitaciones\",\"item\":\"https:\/\/www.hotelcavallettovenice.com\/es\/habitaciones\/\"},{\"@type\":\"ListItem\",\"position\":3,\"name\":\"Cama francesa peque\u00f1a\"}]},{\"@type\":\"WebSite\",\"@id\":\"https:\/\/www.hotelcavallettovenice.com\/es\/#website\",\"url\":\"https:\/\/www.hotelcavallettovenice.com\/es\/\",\"name\":\"Hotel Cavalletto &amp; Doge Orseolo Venice\",\"description\":\"\",\"potentialAction\":[{\"@type\":\"SearchAction\",\"target\":{\"@type\":\"EntryPoint\",\"urlTemplate\":\"https:\/\/www.hotelcavallettovenice.com\/es\/?s={search_term_string}\"},\"query-input\":{\"@type\":\"PropertyValueSpecification\",\"valueRequired\":true,\"valueName\":\"search_term_string\"}}],\"inLanguage\":\"es\"}]}<\/script>\n<!-- \/ Yoast SEO plugin. -->","yoast_head_json":{"title":"Cama francesa peque\u00f1a - Hotel Cavalletto &amp; Doge Orseolo Venice -","description":"Una soluci\u00f3n compacta y funcional, perfecta para estancias cortas. Equipada con una acogedora cama francesa, es la opci\u00f3n ideal para quienes buscan una base elegante sin renunciar al estilo veneciano que caracteriza a todo el establecimiento.","robots":{"index":"index","follow":"follow","max-snippet":"max-snippet:-1","max-image-preview":"max-image-preview:large","max-video-preview":"max-video-preview:-1"},"canonical":"https:\/\/www.hotelcavallettovenice.com\/es\/habitaciones\/cama-francesa-pequena\/","og_locale":"es_ES","og_type":"article","og_title":"Cama francesa peque\u00f1a - Hotel Cavalletto &amp; Doge Orseolo Venice -","og_description":"Una soluci\u00f3n compacta y funcional, perfecta para estancias cortas. Equipada con una acogedora cama francesa, es la opci\u00f3n ideal para quienes buscan una base elegante sin renunciar al estilo veneciano que caracteriza a todo el establecimiento.","og_url":"https:\/\/www.hotelcavallettovenice.com\/es\/habitaciones\/cama-francesa-pequena\/","og_site_name":"Hotel Cavalletto &amp; Doge Orseolo Venice","article_modified_time":"2026-02-09T15:23:42+00:00","twitter_card":"summary_large_image","twitter_misc":{"Est. reading time":"1 minuto"},"schema":{"@context":"https:\/\/schema.org","@graph":[{"@type":"WebPage","@id":"https:\/\/www.hotelcavallettovenice.com\/es\/habitaciones\/cama-francesa-pequena\/","url":"https:\/\/www.hotelcavallettovenice.com\/es\/habitaciones\/cama-francesa-pequena\/","name":"Cama francesa peque\u00f1a - Hotel Cavalletto &amp; Doge Orseolo Venice -","isPartOf":{"@id":"https:\/\/www.hotelcavallettovenice.com\/es\/#website"},"datePublished":"2026-01-28T17:03:30+00:00","dateModified":"2026-02-09T15:23:42+00:00","description":"Una soluci\u00f3n compacta y funcional, perfecta para estancias cortas. Equipada con una acogedora cama francesa, es la opci\u00f3n ideal para quienes buscan una base elegante sin renunciar al estilo veneciano que caracteriza a todo el establecimiento.","breadcrumb":{"@id":"https:\/\/www.hotelcavallettovenice.com\/es\/habitaciones\/cama-francesa-pequena\/#breadcrumb"},"inLanguage":"es","potentialAction":[{"@type":"ReadAction","target":["https:\/\/www.hotelcavallettovenice.com\/es\/habitaciones\/cama-francesa-pequena\/"]}]},{"@type":"BreadcrumbList","@id":"https:\/\/www.hotelcavallettovenice.com\/es\/habitaciones\/cama-francesa-pequena\/#breadcrumb","itemListElement":[{"@type":"ListItem","position":1,"name":"Home","item":"https:\/\/www.hotelcavallettovenice.com\/es\/"},{"@type":"ListItem","position":2,"name":"Habitaciones","item":"https:\/\/www.hotelcavallettovenice.com\/es\/habitaciones\/"},{"@type":"ListItem","position":3,"name":"Cama francesa peque\u00f1a"}]},{"@type":"WebSite","@id":"https:\/\/www.hotelcavallettovenice.com\/es\/#website","url":"https:\/\/www.hotelcavallettovenice.com\/es\/","name":"Hotel Cavalletto &amp; Doge Orseolo Venice","description":"","potentialAction":[{"@type":"SearchAction","target":{"@type":"EntryPoint","urlTemplate":"https:\/\/www.hotelcavallettovenice.com\/es\/?s={search_term_string}"},"query-input":{"@type":"PropertyValueSpecification","valueRequired":true,"valueName":"search_term_string"}}],"inLanguage":"es"}]}},"acf":[],"_links":{"self":[{"href":"https:\/\/www.hotelcavallettovenice.com\/es\/wp-json\/wp\/v2\/pages\/346","targetHints":{"allow":["GET"]}}],"collection":[{"href":"https:\/\/www.hotelcavallettovenice.com\/es\/wp-json\/wp\/v2\/pages"}],"about":[{"href":"https:\/\/www.hotelcavallettovenice.com\/es\/wp-json\/wp\/v2\/types\/page"}],"author":[{"embeddable":true,"href":"https:\/\/www.hotelcavallettovenice.com\/es\/wp-json\/wp\/v2\/users\/6"}],"replies":[{"embeddable":true,"href":"https:\/\/www.hotelcavallettovenice.com\/es\/wp-json\/wp\/v2\/comments?post=346"}],"version-history":[{"count":0,"href":"https:\/\/www.hotelcavallettovenice.com\/es\/wp-json\/wp\/v2\/pages\/346\/revisions"}],"up":[{"embeddable":true,"href":"https:\/\/www.hotelcavallettovenice.com\/es\/wp-json\/wp\/v2\/pages\/300"}],"wp:attachment":[{"href":"https:\/\/www.hotelcavallettovenice.com\/es\/wp-json\/wp\/v2\/media?parent=346"}],"curies":[{"name":"wp","href":"https:\/\/api.w.org\/{rel}","templated":true}]}}