{"id":300,"date":"2026-01-13T16:19:03","date_gmt":"2026-01-13T16:19:03","guid":{"rendered":"https:\/\/hotelcavallettovenice.ms3.decms.eu\/?page_id=300"},"modified":"2026-02-09T09:39:23","modified_gmt":"2026-02-09T09:39:23","slug":"habitaciones","status":"publish","type":"page","link":"https:\/\/www.hotelcavallettovenice.com\/es\/habitaciones\/","title":{"rendered":"Habitaciones"},"content":{"rendered":"<p>En <strong>Venecia<\/strong>, el <strong>Hotel Cavalletto &amp; Doge Orseolo 4 estrellas<\/strong> pone a disposici\u00f3n 107 <strong>habitaciones<\/strong> c\u00f3modas, algunas <strong>con vistas<\/strong> al <strong>Bacino Orseolo<\/strong>, el pintoresco espejo de agua donde repostan las <em>g\u00f3ndolas<\/em>, justo detr\u00e1s de <strong>Piazza San Marco<\/strong>.<\/p>\n<p>Las <strong>habitaciones<\/strong> del Hotel Cavalletto de Venecia son <strong>elegantes<\/strong> y est\u00e1n bien equipadas, cuentan con <strong>aire acondicionado<\/strong> (solo en temporada), tel\u00e9fono directo, <strong>TV LCD<\/strong> con programaci\u00f3n v\u00eda sat\u00e9lite.<\/p>\n","protected":false},"excerpt":{"rendered":"<p>En Venecia, el Hotel Cavalletto &amp; Doge Orseolo 4 estrellas pone a disposici\u00f3n 107 habitaciones c\u00f3modas, algunas con vistas al Bacino Orseolo, el pintoresco espejo de agua donde repostan las g\u00f3ndolas, justo detr\u00e1s de Piazza San Marco. Las habitaciones del Hotel Cavalletto de Venecia son elegantes y est\u00e1n bien equipadas, cuentan con aire acondicionado (solo [&hellip;]<\/p>\n","protected":false},"author":6,"featured_media":0,"parent":0,"menu_order":20,"comment_status":"closed","ping_status":"closed","template":"template-rooms.php","meta":{"footnotes":""},"class_list":["post-300","page","type-page","status-publish","hentry"],"yoast_head":"<!-- This site is optimized with the Yoast SEO plugin v26.9 - https:\/\/yoast.com\/product\/yoast-seo-wordpress\/ -->\n<title>Habitaciones - Hotel Cavalletto &amp; Doge Orseolo Venice -<\/title>\n<meta name=\"description\" content=\"En Venecia, el Hotel Cavalletto &amp; Doge Orseolo 4 estrellas pone a disposici\u00f3n 107 habitaciones c\u00f3modas, algunas con vistas al Bacino Orseolo, el pintoresco espejo de agua donde repostan las g\u00f3ndolas, justo detr\u00e1s de Piazza San Marco.  Las habitaciones del Hotel Cavalletto de Venecia son elegantes y est\u00e1n bien equipadas, cuentan con aire acondicionado (solo en temporada), tel\u00e9fono directo, TV LCD con programaci\u00f3n v\u00eda sat\u00e9lite..\" \/>\n<meta name=\"robots\" content=\"index, follow, max-snippet:-1, max-image-preview:large, max-video-preview:-1\" \/>\n<link rel=\"canonical\" href=\"https:\/\/www.hotelcavallettovenice.com\/es\/habitaciones\/\" \/>\n<meta property=\"og:locale\" content=\"es_ES\" \/>\n<meta property=\"og:type\" content=\"article\" \/>\n<meta property=\"og:title\" content=\"Habitaciones - Hotel Cavalletto &amp; Doge Orseolo Venice -\" \/>\n<meta property=\"og:description\" content=\"En Venecia, el Hotel Cavalletto &amp; Doge Orseolo 4 estrellas pone a disposici\u00f3n 107 habitaciones c\u00f3modas, algunas con vistas al Bacino Orseolo, el pintoresco espejo de agua donde repostan las g\u00f3ndolas, justo detr\u00e1s de Piazza San Marco.  Las habitaciones del Hotel Cavalletto de Venecia son elegantes y est\u00e1n bien equipadas, cuentan con aire acondicionado (solo en temporada), tel\u00e9fono directo, TV LCD con programaci\u00f3n v\u00eda sat\u00e9lite..\" \/>\n<meta property=\"og:url\" content=\"https:\/\/www.hotelcavallettovenice.com\/es\/habitaciones\/\" \/>\n<meta property=\"og:site_name\" content=\"Hotel Cavalletto &amp; Doge Orseolo Venice\" \/>\n<meta property=\"article:modified_time\" content=\"2026-02-09T09:39:23+00:00\" \/>\n<meta name=\"twitter:card\" content=\"summary_large_image\" \/>\n<meta name=\"twitter:label1\" content=\"Est. reading time\" \/>\n\t<meta name=\"twitter:data1\" content=\"1 minuto\" \/>\n<script type=\"application\/ld+json\" class=\"yoast-schema-graph\">{\"@context\":\"https:\/\/schema.org\",\"@graph\":[{\"@type\":\"WebPage\",\"@id\":\"https:\/\/www.hotelcavallettovenice.com\/es\/habitaciones\/\",\"url\":\"https:\/\/www.hotelcavallettovenice.com\/es\/habitaciones\/\",\"name\":\"Habitaciones - Hotel Cavalletto &amp; Doge Orseolo Venice -\",\"isPartOf\":{\"@id\":\"https:\/\/www.hotelcavallettovenice.com\/es\/#website\"},\"datePublished\":\"2026-01-13T16:19:03+00:00\",\"dateModified\":\"2026-02-09T09:39:23+00:00\",\"description\":\"En Venecia, el Hotel Cavalletto &amp; Doge Orseolo 4 estrellas pone a disposici\u00f3n 107 habitaciones c\u00f3modas, algunas con vistas al Bacino Orseolo, el pintoresco espejo de agua donde repostan las g\u00f3ndolas, justo detr\u00e1s de Piazza San Marco. Las habitaciones del Hotel Cavalletto de Venecia son elegantes y est\u00e1n bien equipadas, cuentan con aire acondicionado (solo en temporada), tel\u00e9fono directo, TV LCD con programaci\u00f3n v\u00eda sat\u00e9lite..\",\"breadcrumb\":{\"@id\":\"https:\/\/www.hotelcavallettovenice.com\/es\/habitaciones\/#breadcrumb\"},\"inLanguage\":\"es\",\"potentialAction\":[{\"@type\":\"ReadAction\",\"target\":[\"https:\/\/www.hotelcavallettovenice.com\/es\/habitaciones\/\"]}]},{\"@type\":\"BreadcrumbList\",\"@id\":\"https:\/\/www.hotelcavallettovenice.com\/es\/habitaciones\/#breadcrumb\",\"itemListElement\":[{\"@type\":\"ListItem\",\"position\":1,\"name\":\"Home\",\"item\":\"https:\/\/www.hotelcavallettovenice.com\/es\/\"},{\"@type\":\"ListItem\",\"position\":2,\"name\":\"Habitaciones\"}]},{\"@type\":\"WebSite\",\"@id\":\"https:\/\/www.hotelcavallettovenice.com\/es\/#website\",\"url\":\"https:\/\/www.hotelcavallettovenice.com\/es\/\",\"name\":\"Hotel Cavalletto &amp; Doge Orseolo Venice\",\"description\":\"\",\"potentialAction\":[{\"@type\":\"SearchAction\",\"target\":{\"@type\":\"EntryPoint\",\"urlTemplate\":\"https:\/\/www.hotelcavallettovenice.com\/es\/?s={search_term_string}\"},\"query-input\":{\"@type\":\"PropertyValueSpecification\",\"valueRequired\":true,\"valueName\":\"search_term_string\"}}],\"inLanguage\":\"es\"}]}<\/script>\n<!-- \/ Yoast SEO plugin. -->","yoast_head_json":{"title":"Habitaciones - Hotel Cavalletto &amp; Doge Orseolo Venice -","description":"En Venecia, el Hotel Cavalletto &amp; Doge Orseolo 4 estrellas pone a disposici\u00f3n 107 habitaciones c\u00f3modas, algunas con vistas al Bacino Orseolo, el pintoresco espejo de agua donde repostan las g\u00f3ndolas, justo detr\u00e1s de Piazza San Marco.  Las habitaciones del Hotel Cavalletto de Venecia son elegantes y est\u00e1n bien equipadas, cuentan con aire acondicionado (solo en temporada), tel\u00e9fono directo, TV LCD con programaci\u00f3n v\u00eda sat\u00e9lite..","robots":{"index":"index","follow":"follow","max-snippet":"max-snippet:-1","max-image-preview":"max-image-preview:large","max-video-preview":"max-video-preview:-1"},"canonical":"https:\/\/www.hotelcavallettovenice.com\/es\/habitaciones\/","og_locale":"es_ES","og_type":"article","og_title":"Habitaciones - Hotel Cavalletto &amp; Doge Orseolo Venice -","og_description":"En Venecia, el Hotel Cavalletto &amp; Doge Orseolo 4 estrellas pone a disposici\u00f3n 107 habitaciones c\u00f3modas, algunas con vistas al Bacino Orseolo, el pintoresco espejo de agua donde repostan las g\u00f3ndolas, justo detr\u00e1s de Piazza San Marco.  Las habitaciones del Hotel Cavalletto de Venecia son elegantes y est\u00e1n bien equipadas, cuentan con aire acondicionado (solo en temporada), tel\u00e9fono directo, TV LCD con programaci\u00f3n v\u00eda sat\u00e9lite..","og_url":"https:\/\/www.hotelcavallettovenice.com\/es\/habitaciones\/","og_site_name":"Hotel Cavalletto &amp; Doge Orseolo Venice","article_modified_time":"2026-02-09T09:39:23+00:00","twitter_card":"summary_large_image","twitter_misc":{"Est. reading time":"1 minuto"},"schema":{"@context":"https:\/\/schema.org","@graph":[{"@type":"WebPage","@id":"https:\/\/www.hotelcavallettovenice.com\/es\/habitaciones\/","url":"https:\/\/www.hotelcavallettovenice.com\/es\/habitaciones\/","name":"Habitaciones - Hotel Cavalletto &amp; Doge Orseolo Venice -","isPartOf":{"@id":"https:\/\/www.hotelcavallettovenice.com\/es\/#website"},"datePublished":"2026-01-13T16:19:03+00:00","dateModified":"2026-02-09T09:39:23+00:00","description":"En Venecia, el Hotel Cavalletto &amp; Doge Orseolo 4 estrellas pone a disposici\u00f3n 107 habitaciones c\u00f3modas, algunas con vistas al Bacino Orseolo, el pintoresco espejo de agua donde repostan las g\u00f3ndolas, justo detr\u00e1s de Piazza San Marco. Las habitaciones del Hotel Cavalletto de Venecia son elegantes y est\u00e1n bien equipadas, cuentan con aire acondicionado (solo en temporada), tel\u00e9fono directo, TV LCD con programaci\u00f3n v\u00eda sat\u00e9lite..","breadcrumb":{"@id":"https:\/\/www.hotelcavallettovenice.com\/es\/habitaciones\/#breadcrumb"},"inLanguage":"es","potentialAction":[{"@type":"ReadAction","target":["https:\/\/www.hotelcavallettovenice.com\/es\/habitaciones\/"]}]},{"@type":"BreadcrumbList","@id":"https:\/\/www.hotelcavallettovenice.com\/es\/habitaciones\/#breadcrumb","itemListElement":[{"@type":"ListItem","position":1,"name":"Home","item":"https:\/\/www.hotelcavallettovenice.com\/es\/"},{"@type":"ListItem","position":2,"name":"Habitaciones"}]},{"@type":"WebSite","@id":"https:\/\/www.hotelcavallettovenice.com\/es\/#website","url":"https:\/\/www.hotelcavallettovenice.com\/es\/","name":"Hotel Cavalletto &amp; Doge Orseolo Venice","description":"","potentialAction":[{"@type":"SearchAction","target":{"@type":"EntryPoint","urlTemplate":"https:\/\/www.hotelcavallettovenice.com\/es\/?s={search_term_string}"},"query-input":{"@type":"PropertyValueSpecification","valueRequired":true,"valueName":"search_term_string"}}],"inLanguage":"es"}]}},"acf":[],"_links":{"self":[{"href":"https:\/\/www.hotelcavallettovenice.com\/es\/wp-json\/wp\/v2\/pages\/300","targetHints":{"allow":["GET"]}}],"collection":[{"href":"https:\/\/www.hotelcavallettovenice.com\/es\/wp-json\/wp\/v2\/pages"}],"about":[{"href":"https:\/\/www.hotelcavallettovenice.com\/es\/wp-json\/wp\/v2\/types\/page"}],"author":[{"embeddable":true,"href":"https:\/\/www.hotelcavallettovenice.com\/es\/wp-json\/wp\/v2\/users\/6"}],"replies":[{"embeddable":true,"href":"https:\/\/www.hotelcavallettovenice.com\/es\/wp-json\/wp\/v2\/comments?post=300"}],"version-history":[{"count":0,"href":"https:\/\/www.hotelcavallettovenice.com\/es\/wp-json\/wp\/v2\/pages\/300\/revisions"}],"wp:attachment":[{"href":"https:\/\/www.hotelcavallettovenice.com\/es\/wp-json\/wp\/v2\/media?parent=300"}],"curies":[{"name":"wp","href":"https:\/\/api.w.org\/{rel}","templated":true}]}}