{"id":294,"date":"2026-01-13T11:25:59","date_gmt":"2026-01-13T11:25:59","guid":{"rendered":"https:\/\/hotelcavallettovenice.ms3.decms.eu\/?page_id=294"},"modified":"2026-02-09T09:27:36","modified_gmt":"2026-02-09T09:27:36","slug":"hotel-cavalletto-doge-orseolo","status":"publish","type":"page","link":"https:\/\/www.hotelcavallettovenice.com\/es\/","title":{"rendered":"Hotel Cavalletto &#038; Doge Orseolo"},"content":{"rendered":"<p>El <strong>Hotel Cavalletto &amp; Doge Orseolo 4 estrellas<\/strong> de <strong>Venecia<\/strong> da al <strong>Bacino Orseolo<\/strong>, uno de los lugares m\u00e1s c\u00e9lebres y sugerentes del <strong>centro hist\u00f3rico<\/strong>, un exclusivo acceso al esplendor de <strong>Piazza San Marco<\/strong>, que est\u00e1 a solo 50 metros.<\/p>\n<p>La secular experiencia de hospitalidad y acogida que caracteriza al <strong>Hotel Cavalletto<\/strong> entre los hoteles de Venecia le asegura una encantadora estancia en habitaciones de <strong>estilo veneciano<\/strong>, atendidos por un personal cordial y un servicio impecable.<\/p>\n","protected":false},"excerpt":{"rendered":"<p>El Hotel Cavalletto &amp; Doge Orseolo 4 estrellas de Venecia da al Bacino Orseolo, uno de los lugares m\u00e1s c\u00e9lebres y sugerentes del centro hist\u00f3rico, un exclusivo acceso al esplendor de Piazza San Marco, que est\u00e1 a solo 50 metros. La secular experiencia de hospitalidad y acogida que caracteriza al Hotel Cavalletto entre los hoteles [&hellip;]<\/p>\n","protected":false},"author":6,"featured_media":0,"parent":0,"menu_order":10,"comment_status":"closed","ping_status":"closed","template":"","meta":{"footnotes":""},"class_list":["post-294","page","type-page","status-publish","hentry"],"yoast_head":"<!-- This site is optimized with the Yoast SEO plugin v26.9 - https:\/\/yoast.com\/product\/yoast-seo-wordpress\/ -->\n<title>Hotel Cavalletto &amp; Doge Orseolo - Hotel Cavalletto &amp; Doge Orseolo Venice -<\/title>\n<meta name=\"description\" content=\"El Hotel Cavalletto &amp; Doge Orseolo 4 estrellas de Venecia da al Bacino Orseolo, uno de los lugares m\u00e1s c\u00e9lebres y sugerentes del centro hist\u00f3rico, un exclusivo acceso al esplendor de Piazza San Marco, que est\u00e1 a solo 50 metros.  La secular experiencia de hospitalidad y acogida que caracteriza al Hotel Cavalletto entre los hoteles de Venecia le asegura una encantadora estancia en habitaciones de estilo veneciano, atendidos por un personal cordial y un servicio impecable..\" \/>\n<meta name=\"robots\" content=\"index, follow, max-snippet:-1, max-image-preview:large, max-video-preview:-1\" \/>\n<link rel=\"canonical\" href=\"https:\/\/www.hotelcavallettovenice.com\/es\/\" \/>\n<meta property=\"og:locale\" content=\"es_ES\" \/>\n<meta property=\"og:type\" content=\"article\" \/>\n<meta property=\"og:title\" content=\"Hotel Cavalletto &amp; Doge Orseolo - Hotel Cavalletto &amp; Doge Orseolo Venice -\" \/>\n<meta property=\"og:description\" content=\"El Hotel Cavalletto &amp; Doge Orseolo 4 estrellas de Venecia da al Bacino Orseolo, uno de los lugares m\u00e1s c\u00e9lebres y sugerentes del centro hist\u00f3rico, un exclusivo acceso al esplendor de Piazza San Marco, que est\u00e1 a solo 50 metros.  La secular experiencia de hospitalidad y acogida que caracteriza al Hotel Cavalletto entre los hoteles de Venecia le asegura una encantadora estancia en habitaciones de estilo veneciano, atendidos por un personal cordial y un servicio impecable..\" \/>\n<meta property=\"og:url\" content=\"https:\/\/www.hotelcavallettovenice.com\/es\/\" \/>\n<meta property=\"og:site_name\" content=\"Hotel Cavalletto &amp; Doge Orseolo Venice\" \/>\n<meta property=\"article:modified_time\" content=\"2026-02-09T09:27:36+00:00\" \/>\n<meta name=\"twitter:card\" content=\"summary_large_image\" \/>\n<meta name=\"twitter:label1\" content=\"Est. reading time\" \/>\n\t<meta name=\"twitter:data1\" content=\"1 minuto\" \/>\n<script type=\"application\/ld+json\" class=\"yoast-schema-graph\">{\"@context\":\"https:\/\/schema.org\",\"@graph\":[{\"@type\":\"WebPage\",\"@id\":\"https:\/\/www.hotelcavallettovenice.com\/es\/\",\"url\":\"https:\/\/www.hotelcavallettovenice.com\/es\/\",\"name\":\"Hotel Cavalletto & Doge Orseolo - Hotel Cavalletto &amp; Doge Orseolo Venice -\",\"isPartOf\":{\"@id\":\"https:\/\/www.hotelcavallettovenice.com\/es\/#website\"},\"datePublished\":\"2026-01-13T11:25:59+00:00\",\"dateModified\":\"2026-02-09T09:27:36+00:00\",\"description\":\"El Hotel Cavalletto &amp; Doge Orseolo 4 estrellas de Venecia da al Bacino Orseolo, uno de los lugares m\u00e1s c\u00e9lebres y sugerentes del centro hist\u00f3rico, un exclusivo acceso al esplendor de Piazza San Marco, que est\u00e1 a solo 50 metros. La secular experiencia de hospitalidad y acogida que caracteriza al Hotel Cavalletto entre los hoteles de Venecia le asegura una encantadora estancia en habitaciones de estilo veneciano, atendidos por un personal cordial y un servicio impecable..\",\"breadcrumb\":{\"@id\":\"https:\/\/www.hotelcavallettovenice.com\/es\/#breadcrumb\"},\"inLanguage\":\"es\",\"potentialAction\":[{\"@type\":\"ReadAction\",\"target\":[\"https:\/\/www.hotelcavallettovenice.com\/es\/\"]}]},{\"@type\":\"BreadcrumbList\",\"@id\":\"https:\/\/www.hotelcavallettovenice.com\/es\/#breadcrumb\",\"itemListElement\":[{\"@type\":\"ListItem\",\"position\":1,\"name\":\"Home\",\"item\":\"https:\/\/www.hotelcavallettovenice.com\/es\/\"},{\"@type\":\"ListItem\",\"position\":2,\"name\":\"Hotel Cavalletto &#038; Doge Orseolo\"}]},{\"@type\":\"WebSite\",\"@id\":\"https:\/\/www.hotelcavallettovenice.com\/es\/#website\",\"url\":\"https:\/\/www.hotelcavallettovenice.com\/es\/\",\"name\":\"Hotel Cavalletto &amp; Doge Orseolo Venice\",\"description\":\"\",\"potentialAction\":[{\"@type\":\"SearchAction\",\"target\":{\"@type\":\"EntryPoint\",\"urlTemplate\":\"https:\/\/www.hotelcavallettovenice.com\/es\/?s={search_term_string}\"},\"query-input\":{\"@type\":\"PropertyValueSpecification\",\"valueRequired\":true,\"valueName\":\"search_term_string\"}}],\"inLanguage\":\"es\"}]}<\/script>\n<!-- \/ Yoast SEO plugin. -->","yoast_head_json":{"title":"Hotel Cavalletto & Doge Orseolo - Hotel Cavalletto &amp; Doge Orseolo Venice -","description":"El Hotel Cavalletto &amp; Doge Orseolo 4 estrellas de Venecia da al Bacino Orseolo, uno de los lugares m\u00e1s c\u00e9lebres y sugerentes del centro hist\u00f3rico, un exclusivo acceso al esplendor de Piazza San Marco, que est\u00e1 a solo 50 metros.  La secular experiencia de hospitalidad y acogida que caracteriza al Hotel Cavalletto entre los hoteles de Venecia le asegura una encantadora estancia en habitaciones de estilo veneciano, atendidos por un personal cordial y un servicio impecable..","robots":{"index":"index","follow":"follow","max-snippet":"max-snippet:-1","max-image-preview":"max-image-preview:large","max-video-preview":"max-video-preview:-1"},"canonical":"https:\/\/www.hotelcavallettovenice.com\/es\/","og_locale":"es_ES","og_type":"article","og_title":"Hotel Cavalletto & Doge Orseolo - Hotel Cavalletto &amp; Doge Orseolo Venice -","og_description":"El Hotel Cavalletto &amp; Doge Orseolo 4 estrellas de Venecia da al Bacino Orseolo, uno de los lugares m\u00e1s c\u00e9lebres y sugerentes del centro hist\u00f3rico, un exclusivo acceso al esplendor de Piazza San Marco, que est\u00e1 a solo 50 metros.  La secular experiencia de hospitalidad y acogida que caracteriza al Hotel Cavalletto entre los hoteles de Venecia le asegura una encantadora estancia en habitaciones de estilo veneciano, atendidos por un personal cordial y un servicio impecable..","og_url":"https:\/\/www.hotelcavallettovenice.com\/es\/","og_site_name":"Hotel Cavalletto &amp; Doge Orseolo Venice","article_modified_time":"2026-02-09T09:27:36+00:00","twitter_card":"summary_large_image","twitter_misc":{"Est. reading time":"1 minuto"},"schema":{"@context":"https:\/\/schema.org","@graph":[{"@type":"WebPage","@id":"https:\/\/www.hotelcavallettovenice.com\/es\/","url":"https:\/\/www.hotelcavallettovenice.com\/es\/","name":"Hotel Cavalletto & Doge Orseolo - Hotel Cavalletto &amp; Doge Orseolo Venice -","isPartOf":{"@id":"https:\/\/www.hotelcavallettovenice.com\/es\/#website"},"datePublished":"2026-01-13T11:25:59+00:00","dateModified":"2026-02-09T09:27:36+00:00","description":"El Hotel Cavalletto &amp; Doge Orseolo 4 estrellas de Venecia da al Bacino Orseolo, uno de los lugares m\u00e1s c\u00e9lebres y sugerentes del centro hist\u00f3rico, un exclusivo acceso al esplendor de Piazza San Marco, que est\u00e1 a solo 50 metros. La secular experiencia de hospitalidad y acogida que caracteriza al Hotel Cavalletto entre los hoteles de Venecia le asegura una encantadora estancia en habitaciones de estilo veneciano, atendidos por un personal cordial y un servicio impecable..","breadcrumb":{"@id":"https:\/\/www.hotelcavallettovenice.com\/es\/#breadcrumb"},"inLanguage":"es","potentialAction":[{"@type":"ReadAction","target":["https:\/\/www.hotelcavallettovenice.com\/es\/"]}]},{"@type":"BreadcrumbList","@id":"https:\/\/www.hotelcavallettovenice.com\/es\/#breadcrumb","itemListElement":[{"@type":"ListItem","position":1,"name":"Home","item":"https:\/\/www.hotelcavallettovenice.com\/es\/"},{"@type":"ListItem","position":2,"name":"Hotel Cavalletto &#038; Doge Orseolo"}]},{"@type":"WebSite","@id":"https:\/\/www.hotelcavallettovenice.com\/es\/#website","url":"https:\/\/www.hotelcavallettovenice.com\/es\/","name":"Hotel Cavalletto &amp; Doge Orseolo Venice","description":"","potentialAction":[{"@type":"SearchAction","target":{"@type":"EntryPoint","urlTemplate":"https:\/\/www.hotelcavallettovenice.com\/es\/?s={search_term_string}"},"query-input":{"@type":"PropertyValueSpecification","valueRequired":true,"valueName":"search_term_string"}}],"inLanguage":"es"}]}},"acf":[],"_links":{"self":[{"href":"https:\/\/www.hotelcavallettovenice.com\/es\/wp-json\/wp\/v2\/pages\/294","targetHints":{"allow":["GET"]}}],"collection":[{"href":"https:\/\/www.hotelcavallettovenice.com\/es\/wp-json\/wp\/v2\/pages"}],"about":[{"href":"https:\/\/www.hotelcavallettovenice.com\/es\/wp-json\/wp\/v2\/types\/page"}],"author":[{"embeddable":true,"href":"https:\/\/www.hotelcavallettovenice.com\/es\/wp-json\/wp\/v2\/users\/6"}],"replies":[{"embeddable":true,"href":"https:\/\/www.hotelcavallettovenice.com\/es\/wp-json\/wp\/v2\/comments?post=294"}],"version-history":[{"count":0,"href":"https:\/\/www.hotelcavallettovenice.com\/es\/wp-json\/wp\/v2\/pages\/294\/revisions"}],"wp:attachment":[{"href":"https:\/\/www.hotelcavallettovenice.com\/es\/wp-json\/wp\/v2\/media?parent=294"}],"curies":[{"name":"wp","href":"https:\/\/api.w.org\/{rel}","templated":true}]}}